{"id":1564,"date":"2023-01-18T17:05:02","date_gmt":"2023-01-18T15:05:02","guid":{"rendered":"https:\/\/dev.zezz.ee\/garden\/toode\/wollerton-old-hall\/"},"modified":"2026-02-10T13:08:39","modified_gmt":"2026-02-10T11:08:39","slug":"wollerton-old-hall","status":"publish","type":"product","link":"https:\/\/dev.garden.ee\/en\/product\/wollerton-old-hall\/","title":{"rendered":"Wollerton Old Hall"},"content":{"rendered":"<input class=\"fooboxshare_post_id\" type=\"hidden\" value=\"1564\"\/>","protected":false},"excerpt":{"rendered":"<p>\u00dcks tugevama l\u00f5hnalisemaid Inglise roose \u00fcldse. Eriline, m\u00fcrril\u00f5hnaline roos, mida leidub rooside seas v\u00e4ga v\u00e4he. Prisked \u00f5ienupud on punasekirjud, avanevad \u00fcmmargusteks, rikkalikult v\u00f5ikollasteks \u00f5iteks (43 kroonlehte), millest saavad l\u00f5puks kreemjad \u00f5ied. Isegi t\u00e4iesti avatuna, s\u00e4ilitavad \u00f5ied oma \u00fcmara peekri kuju. P\u00f5\u00f5sas on terve, puhmjas, p\u00fcstise kasvu ja v\u00e4heste ogadega.<\/p>\n<p>Oma heleda v\u00e4rvusega sobib ta paljudesse erinevatesse v\u00e4rvikombinatsioonidesse, istutatuna kokku nii p\u00f5\u00f5saste kui p\u00fcsikutega. Oma p\u00fcstise kasvu t\u00f5ttu sobib nii vaba kui ka rangema kujundusega roosipeenrasse. Igal juhul v\u00f5iks heleda\u00f5ielise kaunitari istutada sellisesse kohta, kus tema imelist l\u00f5hnabuketti saaks igap\u00e4evaselt nautida. Soodsates tingimustes v\u00f5ib kasvatada ka roniroosina.<\/p>\n<p>Wollerton Old Hall Shropshire maakonnas on \u00fcks kaunimaid eraaedu Inglismaal ja\u00a0j\u00e4\u00e4b Austini roosiaretuse l\u00e4hedusse. Aiad on rajatud \u00fcmber 16. sajandi maja ja neis\u00a0n\u00e4eb p\u00f5nevaid taimekooslusi koos roosidega. Wollerton Old Hall on avatud ka k\u00fclastusteks valitud p\u00e4evadel l\u00e4bi suve.<\/p>\n<p><span style=\"color: #ff0000;\">ETTETELLIMINE, V\u00c4LJASTAMINE ALATES APRILLI KESKPAIGAST<\/span><\/p>","protected":false},"featured_media":1565,"template":"","meta":[],"product_brand":[],"product_cat":[4415,4414,4397,4416,4402,22],"product_tag":[],"class_list":{"0":"post-1564","1":"product","2":"type-product","3":"status-publish","4":"has-post-thumbnail","6":"product_cat-lilleaed","7":"product_cat-lohnaaed","8":"product_cat-ronitaimed","9":"product_cat-roosiaed","10":"product_cat-roosid","11":"product_cat-taimed","12":"pa_aretus-david-austin","13":"pa_avalikustamisaasta-uhendkuningriik-2011","14":"pa_haiguskindlus-hea","15":"pa_kasvukorgus-120-150-cm","16":"pa_laius-70-cm","17":"pa_lisainfo-sobib-kasutamiseks-roniroosina","18":"pa_lisainfo-sobib-lohnaaeda","19":"pa_lisainfo-sobib-osalise-varjuga-kasvualale","20":"pa_lohn-tugev","21":"pa_lohn-murrine","22":"pa_oie-suurus-keskmine","23":"pa_oie-varv-kreemjas","24":"pa_oietuup-taidisois","25":"pa_oitsemine-korduvalt-oitsev","26":"pa_sort-poosasroos","27":"pa_taimede-arvestus-ruutmeetri-9216","28":"pa_talvekindlus-vaga-hea","29":"pa_variatsioon-paljasjuurne-ainult-kevadel","30":"pa_variatsioon-potis-4-6l-suvel-ja-sugisel","32":"first","33":"outofstock","34":"purchasable","35":"product-type-variable"},"acf":[],"_links":{"self":[{"href":"https:\/\/dev.garden.ee\/en\/wp-json\/wp\/v2\/product\/1564","targetHints":{"allow":["GET"]}}],"collection":[{"href":"https:\/\/dev.garden.ee\/en\/wp-json\/wp\/v2\/product"}],"about":[{"href":"https:\/\/dev.garden.ee\/en\/wp-json\/wp\/v2\/types\/product"}],"wp:featuredmedia":[{"embeddable":true,"href":"https:\/\/dev.garden.ee\/en\/wp-json\/wp\/v2\/media\/1565"}],"wp:attachment":[{"href":"https:\/\/dev.garden.ee\/en\/wp-json\/wp\/v2\/media?parent=1564"}],"wp:term":[{"taxonomy":"product_brand","embeddable":true,"href":"https:\/\/dev.garden.ee\/en\/wp-json\/wp\/v2\/product_brand?post=1564"},{"taxonomy":"product_cat","embeddable":true,"href":"https:\/\/dev.garden.ee\/en\/wp-json\/wp\/v2\/product_cat?post=1564"},{"taxonomy":"product_tag","embeddable":true,"href":"https:\/\/dev.garden.ee\/en\/wp-json\/wp\/v2\/product_tag?post=1564"}],"curies":[{"name":"wp","href":"https:\/\/api.w.org\/{rel}","templated":true}]}}