{"id":15526,"date":"2023-01-19T10:12:23","date_gmt":"2023-01-19T08:12:23","guid":{"rendered":"https:\/\/dev.zezz.ee\/garden\/toode\/erianthus-ravennae\/"},"modified":"2023-02-22T23:24:28","modified_gmt":"2023-02-22T21:24:28","slug":"erianthus-ravennae","status":"publish","type":"product","link":"https:\/\/dev.garden.ee\/en\/product\/erianthus-ravennae\/","title":{"rendered":"Erianthus ravennae"},"content":{"rendered":"<input class=\"fooboxshare_post_id\" type=\"hidden\" value=\"15526\"\/>","protected":false},"excerpt":{"rendered":"<p>Tegemist on hiiglasega k\u00f5rreliste maailmas. P\u00fcstine, otstest kaarduv lehestik ulatub kusagil 1,5 m-ni. Suve l\u00f5puks on hoogu kogunud ka \u00f5isikuid kandvad varred, mis v\u00f5ivad muljetavaldavalt k\u00f5rguda isegi \u00fcle 3 meetri. H\u00f5bedased lillepead kerge purpurse lisandiga pleekuvad s\u00fcgiseks puhasvalgeks. Selliseid \u00f5iep\u00e4id saab v\u00e4ga edukalt kasutada erinevates lillebukettides. Pruunid kuivanud seemnep\u00e4id kandvad varred m\u00f5juvad eriti kaunilt nii tumeroheliste taimede kui ka valge lume taustal. T\u00e4nu oma massiivsele vormile on Ravenna suhkruroog ideaalne suurde aeda, parki, golfiplatsile, tee \u00e4\u00e4rde v\u00f5i k\u00f5ikjale, kus tarvidus k\u00f5rge seina ja tuulet\u00f5kke tarvis.\u00a0Hilisem t\u00e4rkaja.<\/p>\n<p>&nbsp;<\/p>","protected":false},"featured_media":15527,"template":"","meta":[],"product_brand":[],"product_cat":[22],"product_tag":[],"class_list":{"0":"post-15526","1":"product","2":"type-product","3":"status-publish","4":"has-post-thumbnail","6":"product_cat-taimed","7":"pa_haiguskindlus-hea","8":"pa_moodud-k-3-m-l-2-m","9":"pa_oitsemise-aeg-august","10":"pa_talvekindlus-vaga-hea","11":"pa_tsoon-4-10","12":"pa_variatsioon-suurem-pott","13":"pa_variatsioon-vaiksem-pott","15":"first","16":"instock","17":"purchasable","18":"product-type-variable"},"acf":[],"_links":{"self":[{"href":"https:\/\/dev.garden.ee\/en\/wp-json\/wp\/v2\/product\/15526","targetHints":{"allow":["GET"]}}],"collection":[{"href":"https:\/\/dev.garden.ee\/en\/wp-json\/wp\/v2\/product"}],"about":[{"href":"https:\/\/dev.garden.ee\/en\/wp-json\/wp\/v2\/types\/product"}],"wp:featuredmedia":[{"embeddable":true,"href":"https:\/\/dev.garden.ee\/en\/wp-json\/wp\/v2\/media\/15527"}],"wp:attachment":[{"href":"https:\/\/dev.garden.ee\/en\/wp-json\/wp\/v2\/media?parent=15526"}],"wp:term":[{"taxonomy":"product_brand","embeddable":true,"href":"https:\/\/dev.garden.ee\/en\/wp-json\/wp\/v2\/product_brand?post=15526"},{"taxonomy":"product_cat","embeddable":true,"href":"https:\/\/dev.garden.ee\/en\/wp-json\/wp\/v2\/product_cat?post=15526"},{"taxonomy":"product_tag","embeddable":true,"href":"https:\/\/dev.garden.ee\/en\/wp-json\/wp\/v2\/product_tag?post=15526"}],"curies":[{"name":"wp","href":"https:\/\/api.w.org\/{rel}","templated":true}]}}