{"id":15459,"date":"2023-01-19T10:11:44","date_gmt":"2023-01-19T08:11:44","guid":{"rendered":"https:\/\/dev.zezz.ee\/garden\/toode\/astrantia-major-star-of-beauty\/"},"modified":"2026-02-17T18:03:26","modified_gmt":"2026-02-17T16:03:26","slug":"astrantia-major-star-of-beauty","status":"publish","type":"product","link":"https:\/\/dev.garden.ee\/en\/product\/astrantia-major-star-of-beauty\/","title":{"rendered":"Astrantia major &#8216;Star of Beauty&#8217;"},"content":{"rendered":"<input class=\"fooboxshare_post_id\" type=\"hidden\" value=\"15459\"\/>","protected":false},"excerpt":{"rendered":"<p>Kauni sarikalise \u00f5isikuga sort. \u00d5ied, mis sarika moodustavad, n\u00e4evad v\u00e4lja kui pisikesed armsad n\u00f5elapadjakesed. \u00d5ied on p\u00f5nevalt kahev\u00e4rvilised, purpurne v\u00e4lisosa katab \u00f5rna valget s\u00fcdamikku.<\/p>\n<p>Suurep\u00e4rane l\u00f5ikelill.<\/p>","protected":false},"featured_media":25317,"template":"","meta":[],"product_brand":[],"product_cat":[4415,4413,4401,22],"product_tag":[],"class_list":{"0":"post-15459","1":"product","2":"type-product","3":"status-publish","4":"has-post-thumbnail","6":"product_cat-lilleaed","7":"product_cat-loikelilleaed","8":"product_cat-pusikud","9":"product_cat-taimed","10":"pa_kasvukorgus-60-70-cm","11":"pa_laius-40-60-cm","12":"pa_lisainfo-sobib-loikelilleks","13":"pa_oie-varv-purpurne","14":"pa_oitsemise-aeg-juuni-august","15":"pa_tingimused-hea-drenaaz","16":"pa_tingimused-niiske","17":"pa_tingimused-viljakas","18":"pa_valguse-tingimused-paike","19":"pa_valguse-tingimused-poolvari","20":"pa_variatsioon-suurem-pott","21":"pa_variatsioon-vaiksem-pott","23":"first","24":"instock","25":"purchasable","26":"product-type-variable"},"acf":[],"_links":{"self":[{"href":"https:\/\/dev.garden.ee\/en\/wp-json\/wp\/v2\/product\/15459","targetHints":{"allow":["GET"]}}],"collection":[{"href":"https:\/\/dev.garden.ee\/en\/wp-json\/wp\/v2\/product"}],"about":[{"href":"https:\/\/dev.garden.ee\/en\/wp-json\/wp\/v2\/types\/product"}],"wp:featuredmedia":[{"embeddable":true,"href":"https:\/\/dev.garden.ee\/en\/wp-json\/wp\/v2\/media\/25317"}],"wp:attachment":[{"href":"https:\/\/dev.garden.ee\/en\/wp-json\/wp\/v2\/media?parent=15459"}],"wp:term":[{"taxonomy":"product_brand","embeddable":true,"href":"https:\/\/dev.garden.ee\/en\/wp-json\/wp\/v2\/product_brand?post=15459"},{"taxonomy":"product_cat","embeddable":true,"href":"https:\/\/dev.garden.ee\/en\/wp-json\/wp\/v2\/product_cat?post=15459"},{"taxonomy":"product_tag","embeddable":true,"href":"https:\/\/dev.garden.ee\/en\/wp-json\/wp\/v2\/product_tag?post=15459"}],"curies":[{"name":"wp","href":"https:\/\/api.w.org\/{rel}","templated":true}]}}