{"id":15358,"date":"2023-01-19T10:10:43","date_gmt":"2023-01-19T08:10:43","guid":{"rendered":"https:\/\/dev.zezz.ee\/garden\/toode\/oun-villandry-sugisoun\/"},"modified":"2023-03-10T13:24:47","modified_gmt":"2023-03-10T11:24:47","slug":"oun-villandry-sugisoun","status":"publish","type":"product","link":"https:\/\/dev.garden.ee\/en\/product\/oun-villandry-sugisoun\/","title":{"rendered":"\u00d5un &#8216;Villandry&#8217; &#8211; s\u00fcgis\u00f5un"},"content":{"rendered":"<input class=\"fooboxshare_post_id\" type=\"hidden\" value=\"15358\"\/>","protected":false},"excerpt":{"rendered":"<p>Viljad valmivad septembris. Iseloomuliku piklikuvormiga &otilde;unapuu k&otilde;rgus ulatub 3 m kuni 4 m-ni. Istututamisel tuleks j&auml;tta taimede vahele 60 cm kasvuruumi. Headeks tolmelduskaaslaseks n&auml;iteks Reines des Reinettes.<\/p>\n<p><span style=\"color: #ff0000;\">V&Auml;LJA M&Uuml;&Uuml;DUD, BRONEERI KEVADEKS 2021!<\/span><\/p>","protected":false},"featured_media":15359,"template":"","meta":[],"product_brand":[],"product_cat":[4403,4410,4394,22],"product_tag":[],"class_list":{"0":"post-15358","1":"product","2":"type-product","3":"status-publish","4":"has-post-thumbnail","6":"product_cat-kodu","7":"product_cat-tarbeaed","8":"product_cat-viljad-ja-marjad","9":"product_cat-taimed","10":"pa_aretus-delbard","11":"pa_oitsemise-aeg-mai","12":"pa_vili-krompsuv-viljaliha","13":"pa_vili-mahlane","14":"pa_vilja-varvus-punane","16":"first","17":"outofstock","18":"product-type-variable"},"acf":[],"_links":{"self":[{"href":"https:\/\/dev.garden.ee\/en\/wp-json\/wp\/v2\/product\/15358","targetHints":{"allow":["GET"]}}],"collection":[{"href":"https:\/\/dev.garden.ee\/en\/wp-json\/wp\/v2\/product"}],"about":[{"href":"https:\/\/dev.garden.ee\/en\/wp-json\/wp\/v2\/types\/product"}],"wp:featuredmedia":[{"embeddable":true,"href":"https:\/\/dev.garden.ee\/en\/wp-json\/wp\/v2\/media\/15359"}],"wp:attachment":[{"href":"https:\/\/dev.garden.ee\/en\/wp-json\/wp\/v2\/media?parent=15358"}],"wp:term":[{"taxonomy":"product_brand","embeddable":true,"href":"https:\/\/dev.garden.ee\/en\/wp-json\/wp\/v2\/product_brand?post=15358"},{"taxonomy":"product_cat","embeddable":true,"href":"https:\/\/dev.garden.ee\/en\/wp-json\/wp\/v2\/product_cat?post=15358"},{"taxonomy":"product_tag","embeddable":true,"href":"https:\/\/dev.garden.ee\/en\/wp-json\/wp\/v2\/product_tag?post=15358"}],"curies":[{"name":"wp","href":"https:\/\/api.w.org\/{rel}","templated":true}]}}