{"id":1534,"date":"2023-01-18T17:04:44","date_gmt":"2023-01-18T15:04:44","guid":{"rendered":"https:\/\/dev.zezz.ee\/garden\/toode\/asclepias-tuberosa\/"},"modified":"2026-02-17T00:58:15","modified_gmt":"2026-02-16T22:58:15","slug":"asclepias-tuberosa","status":"publish","type":"product","link":"https:\/\/dev.garden.ee\/en\/product\/asclepias-tuberosa\/","title":{"rendered":"Asclepias tuberosa"},"content":{"rendered":"<input class=\"fooboxshare_post_id\" type=\"hidden\" value=\"1534\"\/>","protected":false},"excerpt":{"rendered":"<p>Puhmjas taim on harjunud kasvama p\u00e4ikesek\u00fcllases paigas, kuivas kliimas, seega tuleb ta toime ka veevaesemates tingimustes. Lehestik on siidine ja pehme, \u00f5isikud leekivoran\u017eid ja v\u00e4ga silmatorkavad. Mugul-askleepias on tuntust kogunud ka kasuliku meditsiinilise v\u00e4\u00e4rtuse poolest. Nimelt saab taime juurtest valmistada kopsup\u00f5letikku leevendavat rohtu. Pika \u00f5itsemiseaja jooksul meelitab aeda mitmeid liblikaid.\u00a0Seemnekupardega kaetud varred on laialt levinud ka lilleseadetes. V\u00f5ib hukkuda niiskes v\u00f5i seisva veega kasvukohas. Sobib kasvatada avatud metsaalal, alpiaias, kiviktaimlas. Hilise, suvise t\u00e4rkamisega.<\/p>","protected":false},"featured_media":1535,"template":"","meta":[],"product_brand":[],"product_cat":[4415,6934,4401,4410,22],"product_tag":[],"class_list":{"0":"post-1534","1":"product","2":"type-product","3":"status-publish","4":"has-post-thumbnail","6":"product_cat-lilleaed","7":"product_cat-mesilassobralik-aed","8":"product_cat-pusikud","9":"product_cat-tarbeaed","10":"product_cat-taimed","11":"pa_haiguskindlus-vaga-hea","12":"pa_kasvukorgus-70-cm","13":"pa_laius-45-50-cm","14":"pa_lisainfo-mesilaste-lemmik","15":"pa_oie-varv-oranz","16":"pa_oitsemise-aeg-juuli-august","17":"pa_talvekindlus-vaga-hea","18":"pa_tingimused-hea-drenaaz","19":"pa_tingimused-kuiv","20":"pa_tingimused-parasniiske","21":"pa_tsoon-3-9","22":"pa_valguse-tingimused-paike","23":"pa_variatsioon-suurem-pott","24":"pa_variatsioon-vaiksem-pott","26":"first","27":"instock","28":"purchasable","29":"product-type-variable"},"acf":[],"_links":{"self":[{"href":"https:\/\/dev.garden.ee\/en\/wp-json\/wp\/v2\/product\/1534","targetHints":{"allow":["GET"]}}],"collection":[{"href":"https:\/\/dev.garden.ee\/en\/wp-json\/wp\/v2\/product"}],"about":[{"href":"https:\/\/dev.garden.ee\/en\/wp-json\/wp\/v2\/types\/product"}],"wp:featuredmedia":[{"embeddable":true,"href":"https:\/\/dev.garden.ee\/en\/wp-json\/wp\/v2\/media\/1535"}],"wp:attachment":[{"href":"https:\/\/dev.garden.ee\/en\/wp-json\/wp\/v2\/media?parent=1534"}],"wp:term":[{"taxonomy":"product_brand","embeddable":true,"href":"https:\/\/dev.garden.ee\/en\/wp-json\/wp\/v2\/product_brand?post=1534"},{"taxonomy":"product_cat","embeddable":true,"href":"https:\/\/dev.garden.ee\/en\/wp-json\/wp\/v2\/product_cat?post=1534"},{"taxonomy":"product_tag","embeddable":true,"href":"https:\/\/dev.garden.ee\/en\/wp-json\/wp\/v2\/product_tag?post=1534"}],"curies":[{"name":"wp","href":"https:\/\/api.w.org\/{rel}","templated":true}]}}