{"id":1531,"date":"2023-01-18T17:04:40","date_gmt":"2023-01-18T15:04:40","guid":{"rendered":"https:\/\/dev.zezz.ee\/garden\/toode\/aruncus-misty-lace\/"},"modified":"2026-02-17T00:31:29","modified_gmt":"2026-02-16T22:31:29","slug":"aruncus-misty-lace","status":"publish","type":"product","link":"https:\/\/dev.garden.ee\/en\/product\/aruncus-misty-lace\/","title":{"rendered":"Aruncus &#8216;Misty Lace&#8217;"},"content":{"rendered":"<input class=\"fooboxshare_post_id\" type=\"hidden\" value=\"1531\"\/>","protected":false},"excerpt":{"rendered":"<p>Efektne, veidi s\u00f5najalga meenutav tihe lehestik on atraktiivne l\u00e4bi suve.\u00a0Taimevarred punased. \u00d5ied sulgi meenutavad elevandiluukarva valged. Armastab niiskust, sobib istutamiseks ka vee \u00e4\u00e4rde. Hea pinnakatte- ja konteinertaim, samuti l\u00f5ikelill. Kui taim j\u00e4\u00e4b kuiva k\u00e4tte, siis l\u00e4heb lehestik kiiresti longu. Taim on m\u00fcrgine.<\/p>","protected":false},"featured_media":1532,"template":"","meta":[],"product_brand":[],"product_cat":[9637,4415,4413,4406,9200,4401,4409,4412,22],"product_tag":[],"class_list":{"0":"post-1531","1":"product","2":"type-product","3":"status-publish","4":"has-post-thumbnail","6":"product_cat-istutuskast","7":"product_cat-lilleaed","8":"product_cat-loikelilleaed","9":"product_cat-park","10":"product_cat-pinnakatjad","11":"product_cat-pusikud","12":"product_cat-tiigiaed","13":"product_cat-varjuaed","14":"product_cat-taimed","15":"pa_kasvukorgus-60-cm","16":"pa_laius-45-cm","17":"pa_lisainfo-hea-pinnakatja","18":"pa_lisainfo-kaldataim","19":"pa_lisainfo-murgine","20":"pa_lisainfo-sobilik-istutuskasti-jaoks","21":"pa_lisainfo-sobib-loikelilleks","22":"pa_lisainfo-sobib-osalise-varjuga-kasvualale","23":"pa_oie-varv-valge","24":"pa_oitsemise-aeg-mai-juuni","25":"pa_talvekindlus-vaga-hea","26":"pa_tingimused-niiske","27":"pa_tingimused-viljakas","28":"pa_valguse-tingimused-paike","29":"pa_valguse-tingimused-poolvari","30":"pa_variatsioon-suurem-pott","31":"pa_variatsioon-vaiksem-pott","33":"first","34":"instock","35":"purchasable","36":"product-type-variable"},"acf":[],"_links":{"self":[{"href":"https:\/\/dev.garden.ee\/en\/wp-json\/wp\/v2\/product\/1531","targetHints":{"allow":["GET"]}}],"collection":[{"href":"https:\/\/dev.garden.ee\/en\/wp-json\/wp\/v2\/product"}],"about":[{"href":"https:\/\/dev.garden.ee\/en\/wp-json\/wp\/v2\/types\/product"}],"wp:featuredmedia":[{"embeddable":true,"href":"https:\/\/dev.garden.ee\/en\/wp-json\/wp\/v2\/media\/1532"}],"wp:attachment":[{"href":"https:\/\/dev.garden.ee\/en\/wp-json\/wp\/v2\/media?parent=1531"}],"wp:term":[{"taxonomy":"product_brand","embeddable":true,"href":"https:\/\/dev.garden.ee\/en\/wp-json\/wp\/v2\/product_brand?post=1531"},{"taxonomy":"product_cat","embeddable":true,"href":"https:\/\/dev.garden.ee\/en\/wp-json\/wp\/v2\/product_cat?post=1531"},{"taxonomy":"product_tag","embeddable":true,"href":"https:\/\/dev.garden.ee\/en\/wp-json\/wp\/v2\/product_tag?post=1531"}],"curies":[{"name":"wp","href":"https:\/\/api.w.org\/{rel}","templated":true}]}}