{"id":15223,"date":"2023-01-19T10:09:09","date_gmt":"2023-01-19T08:09:09","guid":{"rendered":"https:\/\/dev.zezz.ee\/garden\/toode\/lilium-after-eight\/"},"modified":"2026-01-15T19:44:19","modified_gmt":"2026-01-15T17:44:19","slug":"lilium-after-eight","status":"publish","type":"product","link":"https:\/\/dev.garden.ee\/en\/product\/lilium-after-eight\/","title":{"rendered":"Lilium &#8216;After Eight&#8217;"},"content":{"rendered":"<input class=\"fooboxshare_post_id\" type=\"hidden\" value=\"15223\"\/>","protected":false},"excerpt":{"rendered":"<p>\u00dclimadal liilia meenutab oma v\u00e4rvilt Stargazer&#8217;it, kuid on tunduvalt madalam. Suurte, l\u00f5hnavate, vaarikapunaste ja t\u00e4hekujuliste \u00f5ite v\u00e4lis\u00e4\u00e4red on puhasvalged. Keskosa on kuldkollane. Tugevad \u00f5ievarred kasvavad\u00a0vaid\u00a035 cm k\u00f5rgeks.\u00a0Vaatamata oma k\u00e4\u00e4buskasvule l\u00f5hnavad tema \u00f5ied joovastavalt.\u00a0Sobib ideaalselt potti, v\u00f5ib kasvatada ka valgusrikkal aknalaual. \u00d5itseb\u00a0alates augustist, on pisut hilisem \u00f5itseja.<\/p>\n<p>Sibula suurus 16+ cm.<\/p>","protected":false},"featured_media":15224,"template":"","meta":[],"product_brand":[],"product_cat":[4403,4415,4414,4413,4401,4391,22],"product_tag":[9454,9417],"class_list":{"0":"post-15223","1":"product","2":"type-product","3":"status-publish","4":"has-post-thumbnail","6":"product_cat-kodu","7":"product_cat-lilleaed","8":"product_cat-lohnaaed","9":"product_cat-loikelilleaed","10":"product_cat-pusikud","11":"product_cat-sibullilled","12":"product_cat-taimed","13":"product_tag-idahubriid-liilia","14":"product_tag-soodushind-50","15":"pa_lohn-tugev","16":"pa_moodud-k-35-cm-l-30-cm","17":"pa_oie-varv-mitmevarviline","18":"pa_oitsemise-aeg-august","19":"pa_talvekindlus-hea","20":"pa_variatsioon-sibul-ainult-kevadel","21":"pa_variatsioon-suurem-pott","23":"first","24":"instock","25":"sale","26":"taxable","27":"shipping-taxable","28":"purchasable","29":"product-type-variable"},"acf":[],"_links":{"self":[{"href":"https:\/\/dev.garden.ee\/en\/wp-json\/wp\/v2\/product\/15223","targetHints":{"allow":["GET"]}}],"collection":[{"href":"https:\/\/dev.garden.ee\/en\/wp-json\/wp\/v2\/product"}],"about":[{"href":"https:\/\/dev.garden.ee\/en\/wp-json\/wp\/v2\/types\/product"}],"wp:featuredmedia":[{"embeddable":true,"href":"https:\/\/dev.garden.ee\/en\/wp-json\/wp\/v2\/media\/15224"}],"wp:attachment":[{"href":"https:\/\/dev.garden.ee\/en\/wp-json\/wp\/v2\/media?parent=15223"}],"wp:term":[{"taxonomy":"product_brand","embeddable":true,"href":"https:\/\/dev.garden.ee\/en\/wp-json\/wp\/v2\/product_brand?post=15223"},{"taxonomy":"product_cat","embeddable":true,"href":"https:\/\/dev.garden.ee\/en\/wp-json\/wp\/v2\/product_cat?post=15223"},{"taxonomy":"product_tag","embeddable":true,"href":"https:\/\/dev.garden.ee\/en\/wp-json\/wp\/v2\/product_tag?post=15223"}],"curies":[{"name":"wp","href":"https:\/\/api.w.org\/{rel}","templated":true}]}}