{"id":15201,"date":"2023-01-19T10:08:57","date_gmt":"2023-01-19T08:08:57","guid":{"rendered":"https:\/\/dev.zezz.ee\/garden\/toode\/aster-novi-belgii-royal-ruby-uus\/"},"modified":"2026-02-17T12:08:15","modified_gmt":"2026-02-17T10:08:15","slug":"aster-novi-belgii-royal-ruby","status":"publish","type":"product","link":"https:\/\/dev.garden.ee\/en\/product\/aster-novi-belgii-royal-ruby\/","title":{"rendered":"Aster novi-belgii \/ Symphyotrichum novi-belgii &#8216;Royal Ruby&#8217;"},"content":{"rendered":"<input class=\"fooboxshare_post_id\" type=\"hidden\" value=\"15201\"\/>","protected":false},"excerpt":{"rendered":"<p>Keskmise k\u00f5rgusega, kohevate, tugevate, karvaste vartega p\u00fcsik. Lehed tumerohelised, siledad ja ovaalsed. \u00dcks s\u00fcgise lemmikutest oma s\u00fcgava veinpunase \/roosakaslilla v\u00e4rvuse poolest. \u00d5ied poolt\u00e4idisjad. Vastupidav jahukastele. Hea l\u00f5ikelill. Meelitab aeda liblikaid. Kitsed ei s\u00f6\u00f6.<\/p>\n<p>Jaga kahe kuni nelja aasta tagant.<\/p>","protected":false},"featured_media":15202,"template":"","meta":[],"product_brand":[],"product_cat":[4415,4413,6934,4401,22],"product_tag":[],"class_list":{"0":"post-15201","1":"product","2":"type-product","3":"status-publish","4":"has-post-thumbnail","6":"product_cat-lilleaed","7":"product_cat-loikelilleaed","8":"product_cat-mesilassobralik-aed","9":"product_cat-pusikud","10":"product_cat-taimed","11":"pa_haiguskindlus-vaga-hea","12":"pa_kasvukorgus-40-50-cm","13":"pa_laius-30-40-cm","14":"pa_lisainfo-hirve-kahjustustele-vastupidav","15":"pa_lisainfo-janese-kahjustustele-vastupidav","16":"pa_lisainfo-mesilaste-lemmik","17":"pa_lisainfo-sobib-loikelilleks","18":"pa_oie-varv-roosakaslilla","19":"pa_oie-varv-veinipunane","20":"pa_oitsemise-aeg-august-oktoober","21":"pa_talvekindlus-vaga-hea","22":"pa_tingimused-hea-drenaaz","23":"pa_tingimused-koik-mullatuubid","24":"pa_tingimused-niiske","25":"pa_tsoon-4-8","26":"pa_valguse-tingimused-paike","27":"pa_variatsioon-suurem-pott","28":"pa_variatsioon-vaiksem-pott","30":"first","31":"onbackorder","32":"purchasable","33":"product-type-variable"},"acf":[],"_links":{"self":[{"href":"https:\/\/dev.garden.ee\/en\/wp-json\/wp\/v2\/product\/15201","targetHints":{"allow":["GET"]}}],"collection":[{"href":"https:\/\/dev.garden.ee\/en\/wp-json\/wp\/v2\/product"}],"about":[{"href":"https:\/\/dev.garden.ee\/en\/wp-json\/wp\/v2\/types\/product"}],"wp:featuredmedia":[{"embeddable":true,"href":"https:\/\/dev.garden.ee\/en\/wp-json\/wp\/v2\/media\/15202"}],"wp:attachment":[{"href":"https:\/\/dev.garden.ee\/en\/wp-json\/wp\/v2\/media?parent=15201"}],"wp:term":[{"taxonomy":"product_brand","embeddable":true,"href":"https:\/\/dev.garden.ee\/en\/wp-json\/wp\/v2\/product_brand?post=15201"},{"taxonomy":"product_cat","embeddable":true,"href":"https:\/\/dev.garden.ee\/en\/wp-json\/wp\/v2\/product_cat?post=15201"},{"taxonomy":"product_tag","embeddable":true,"href":"https:\/\/dev.garden.ee\/en\/wp-json\/wp\/v2\/product_tag?post=15201"}],"curies":[{"name":"wp","href":"https:\/\/api.w.org\/{rel}","templated":true}]}}