{"id":1517,"date":"2023-01-18T17:04:32","date_gmt":"2023-01-18T15:04:32","guid":{"rendered":"https:\/\/dev.zezz.ee\/garden\/toode\/aster-frikartii-monch\/"},"modified":"2026-02-17T11:22:04","modified_gmt":"2026-02-17T09:22:04","slug":"aster-frikartii-monch","status":"publish","type":"product","link":"https:\/\/dev.garden.ee\/en\/product\/aster-frikartii-monch\/","title":{"rendered":"Aster x frikartii &#8216;M\u00f6nch&#8217;"},"content":{"rendered":"<input class=\"fooboxshare_post_id\" type=\"hidden\" value=\"1517\"\/>","protected":false},"excerpt":{"rendered":"<p>Lehed tumerohelised, piklikud ja karedad. Lavendelsinised, karikakart meenutavad \u00f5ied, s\u00fcdamikud oran\u017eid. Eriti pikk \u00f5itseaeg. Vastupidav jahukastele. Hea, p\u00fcsiv l\u00f5ikelill. Ei talu talvist l\u00e4bij\u00e4\u00e4tumist, seega soovitav on valida kasvamiseks k\u00f5rgem koht peenras, et sinna ei koguneks seisev vesi. Seet\u00f5ttu sobib ka h\u00e4sti suuremasse konteinerisse kasvama, \u00e4rge unustage taime kasta! M\u00f5nikord v\u00f5ib vajada toestust. Meelitab aeda liblikaid.<\/p>\n<p>Kaaslasena sobib nt\u00a0<em>Nepeta kubanica<\/em><em>.\u00a0<\/em>Vt all &#8211; seotud tooted.<\/p>","protected":false},"featured_media":1518,"template":"","meta":[],"product_brand":[],"product_cat":[9637,4415,6934,4401,22],"product_tag":[],"class_list":{"0":"post-1517","1":"product","2":"type-product","3":"status-publish","4":"has-post-thumbnail","6":"product_cat-istutuskast","7":"product_cat-lilleaed","8":"product_cat-mesilassobralik-aed","9":"product_cat-pusikud","10":"product_cat-taimed","11":"pa_haiguskindlus-vaga-hea","12":"pa_kasvukorgus-40-60-cm","13":"pa_laius-45-cm","14":"pa_lisainfo-janese-kahjustustele-vastupidav","15":"pa_lisainfo-mesilaste-lemmik","16":"pa_lisainfo-sobilik-istutuskasti-jaoks","17":"pa_oie-varv-sinine","18":"pa_oitsemise-aeg-juuli-oktoober","19":"pa_talvekindlus-hea","20":"pa_tingimused-hea-drenaaz","21":"pa_tingimused-viljakas","22":"pa_tsoon-4-9","23":"pa_valguse-tingimused-paike","24":"pa_variatsioon-suurem-pott","25":"pa_variatsioon-vaiksem-pott","27":"first","28":"instock","29":"purchasable","30":"product-type-variable"},"acf":[],"_links":{"self":[{"href":"https:\/\/dev.garden.ee\/en\/wp-json\/wp\/v2\/product\/1517","targetHints":{"allow":["GET"]}}],"collection":[{"href":"https:\/\/dev.garden.ee\/en\/wp-json\/wp\/v2\/product"}],"about":[{"href":"https:\/\/dev.garden.ee\/en\/wp-json\/wp\/v2\/types\/product"}],"wp:featuredmedia":[{"embeddable":true,"href":"https:\/\/dev.garden.ee\/en\/wp-json\/wp\/v2\/media\/1518"}],"wp:attachment":[{"href":"https:\/\/dev.garden.ee\/en\/wp-json\/wp\/v2\/media?parent=1517"}],"wp:term":[{"taxonomy":"product_brand","embeddable":true,"href":"https:\/\/dev.garden.ee\/en\/wp-json\/wp\/v2\/product_brand?post=1517"},{"taxonomy":"product_cat","embeddable":true,"href":"https:\/\/dev.garden.ee\/en\/wp-json\/wp\/v2\/product_cat?post=1517"},{"taxonomy":"product_tag","embeddable":true,"href":"https:\/\/dev.garden.ee\/en\/wp-json\/wp\/v2\/product_tag?post=1517"}],"curies":[{"name":"wp","href":"https:\/\/api.w.org\/{rel}","templated":true}]}}