{"id":15150,"date":"2023-01-19T10:08:21","date_gmt":"2023-01-19T08:08:21","guid":{"rendered":"https:\/\/dev.zezz.ee\/garden\/toode\/aster-lateriflorus-lady-in-black\/"},"modified":"2026-02-17T11:30:16","modified_gmt":"2026-02-17T09:30:16","slug":"aster-lateriflorus-lady-in-black","status":"publish","type":"product","link":"https:\/\/dev.garden.ee\/en\/product\/aster-lateriflorus-lady-in-black\/","title":{"rendered":"Aster lateriflorus \/ Symphyotrichum lateriflorum &#8216;Lady in Black&#8217;"},"content":{"rendered":"<input class=\"fooboxshare_post_id\" type=\"hidden\" value=\"15150\"\/>","protected":false},"excerpt":{"rendered":"<p>P\u00f5\u00f5sas on kaunis oma peene lehestiku ja lillakasmustjate vartega ka ilma \u00f5iteta. V\u00e4ikseid valgeid &#8211; lavendelroosa s\u00fcdamikuga \u00f5isi on v\u00e4ga palju. Vastupidav jahukastele. Hea l\u00f5ikelill. Sobib suurep\u00e4raselt konteineristutuseks. Meelitab aeda liblikaid. J\u00e4nesed ja kitsed ei s\u00f6\u00f6.<\/p>\n<p>Eluj\u00f5u s\u00e4ilitamiseks vajab kahe kuni nelja aasta tagant jagamist.<\/p>","protected":false},"featured_media":15151,"template":"","meta":[],"product_brand":[],"product_cat":[9637,4415,4413,6934,4401,22],"product_tag":[],"class_list":{"0":"post-15150","1":"product","2":"type-product","3":"status-publish","4":"has-post-thumbnail","6":"product_cat-istutuskast","7":"product_cat-lilleaed","8":"product_cat-loikelilleaed","9":"product_cat-mesilassobralik-aed","10":"product_cat-pusikud","11":"product_cat-taimed","12":"pa_kasvukorgus-60-90-cm","13":"pa_laius-40-60-cm","14":"pa_lisainfo-hirve-kahjustustele-vastupidav","15":"pa_lisainfo-janese-kahjustustele-vastupidav","16":"pa_lisainfo-mesilaste-lemmik","17":"pa_lisainfo-pilgupuudja","18":"pa_lisainfo-sobilik-istutuskasti-jaoks","19":"pa_lisainfo-sobib-loikelilleks","20":"pa_lisainfo-sobib-osalise-varjuga-kasvualale","21":"pa_oie-varv-valge","22":"pa_oitsemise-aeg-september-oktoober","23":"pa_talvekindlus-vaga-hea","24":"pa_tingimused-hea-drenaaz","25":"pa_tingimused-niiske","26":"pa_tsoon-4-9","27":"pa_valguse-tingimused-paike","28":"pa_valguse-tingimused-poolvari","29":"pa_variatsioon-suurem-pott","30":"pa_variatsioon-vaiksem-pott","32":"first","33":"instock","34":"purchasable","35":"product-type-variable"},"acf":[],"_links":{"self":[{"href":"https:\/\/dev.garden.ee\/en\/wp-json\/wp\/v2\/product\/15150","targetHints":{"allow":["GET"]}}],"collection":[{"href":"https:\/\/dev.garden.ee\/en\/wp-json\/wp\/v2\/product"}],"about":[{"href":"https:\/\/dev.garden.ee\/en\/wp-json\/wp\/v2\/types\/product"}],"wp:featuredmedia":[{"embeddable":true,"href":"https:\/\/dev.garden.ee\/en\/wp-json\/wp\/v2\/media\/15151"}],"wp:attachment":[{"href":"https:\/\/dev.garden.ee\/en\/wp-json\/wp\/v2\/media?parent=15150"}],"wp:term":[{"taxonomy":"product_brand","embeddable":true,"href":"https:\/\/dev.garden.ee\/en\/wp-json\/wp\/v2\/product_brand?post=15150"},{"taxonomy":"product_cat","embeddable":true,"href":"https:\/\/dev.garden.ee\/en\/wp-json\/wp\/v2\/product_cat?post=15150"},{"taxonomy":"product_tag","embeddable":true,"href":"https:\/\/dev.garden.ee\/en\/wp-json\/wp\/v2\/product_tag?post=15150"}],"curies":[{"name":"wp","href":"https:\/\/api.w.org\/{rel}","templated":true}]}}