{"id":1506,"date":"2023-01-18T17:04:24","date_gmt":"2023-01-18T15:04:24","guid":{"rendered":"https:\/\/dev.zezz.ee\/garden\/toode\/aster-novae-angliae-marina-wolkonsky\/"},"modified":"2026-02-17T11:49:27","modified_gmt":"2026-02-17T09:49:27","slug":"aster-novae-angliae-marina-wolkonsky","status":"publish","type":"product","link":"https:\/\/dev.garden.ee\/en\/product\/aster-novae-angliae-marina-wolkonsky\/","title":{"rendered":"Aster novae-angliae \/ Symphyotrichum novae-angliae &#8216;Marina Wolkonsky&#8217;"},"content":{"rendered":"<input class=\"fooboxshare_post_id\" type=\"hidden\" value=\"1506\"\/>","protected":false},"excerpt":{"rendered":"<p>Puitunud, tugevate p\u00fcstiste vartega p\u00fcsik. Lehed rohelised, s\u00fcstjad. \u00d5ied s\u00fcgavlillad, kollase s\u00fcdamikuga. Vastupidav jahukastele. Meelitab aeda liblikaid. Suve jooksul kasvatab pikad, kahara lehestikuga varred, mille tippu ilmuvad augusti l\u00f5puks suured ja uhked \u00f5iekobarad. Kaunis v\u00e4rvilaik s\u00fcgisesse aeda. Kitsed ei s\u00f6\u00f6.<\/p>\n<p>Kaaslastena sobivad nt\u00a0<em>Molinia arundinacea<\/em> &#8216;Les Ponts de C\u00e9&#8217; ja\u00a0<em>Actaea ramosa<\/em> &#8216;Pink Spike&#8217;.\u00a0Vt all &#8211; seotud tooted.<\/p>","protected":false},"featured_media":25299,"template":"","meta":[],"product_brand":[],"product_cat":[4415,6934,4401,22],"product_tag":[],"class_list":{"0":"post-1506","1":"product","2":"type-product","3":"status-publish","4":"has-post-thumbnail","6":"product_cat-lilleaed","7":"product_cat-mesilassobralik-aed","8":"product_cat-pusikud","9":"product_cat-taimed","10":"pa_haiguskindlus-vaga-hea","11":"pa_kasvukorgus-120-cm","12":"pa_laius-70-80-cm","13":"pa_lisainfo-hirve-kahjustustele-vastupidav","14":"pa_lisainfo-mesilaste-lemmik","15":"pa_lisainfo-pilgupuudja","16":"pa_oie-varv-lilla","17":"pa_oitsemise-aeg-august-oktoober","18":"pa_talvekindlus-vaga-hea","19":"pa_tingimused-hea-drenaaz","20":"pa_tingimused-niiske","21":"pa_tsoon-3-9","22":"pa_valguse-tingimused-paike","23":"pa_variatsioon-suurem-pott","24":"pa_variatsioon-vaiksem-pott","26":"first","27":"onbackorder","28":"purchasable","29":"product-type-variable"},"acf":[],"_links":{"self":[{"href":"https:\/\/dev.garden.ee\/en\/wp-json\/wp\/v2\/product\/1506","targetHints":{"allow":["GET"]}}],"collection":[{"href":"https:\/\/dev.garden.ee\/en\/wp-json\/wp\/v2\/product"}],"about":[{"href":"https:\/\/dev.garden.ee\/en\/wp-json\/wp\/v2\/types\/product"}],"wp:featuredmedia":[{"embeddable":true,"href":"https:\/\/dev.garden.ee\/en\/wp-json\/wp\/v2\/media\/25299"}],"wp:attachment":[{"href":"https:\/\/dev.garden.ee\/en\/wp-json\/wp\/v2\/media?parent=1506"}],"wp:term":[{"taxonomy":"product_brand","embeddable":true,"href":"https:\/\/dev.garden.ee\/en\/wp-json\/wp\/v2\/product_brand?post=1506"},{"taxonomy":"product_cat","embeddable":true,"href":"https:\/\/dev.garden.ee\/en\/wp-json\/wp\/v2\/product_cat?post=1506"},{"taxonomy":"product_tag","embeddable":true,"href":"https:\/\/dev.garden.ee\/en\/wp-json\/wp\/v2\/product_tag?post=1506"}],"curies":[{"name":"wp","href":"https:\/\/api.w.org\/{rel}","templated":true}]}}