{"id":1500,"date":"2023-01-18T17:04:21","date_gmt":"2023-01-18T15:04:21","guid":{"rendered":"https:\/\/dev.zezz.ee\/garden\/toode\/dominique-loiseau\/"},"modified":"2026-02-06T14:38:21","modified_gmt":"2026-02-06T12:38:21","slug":"dominique-loiseau","status":"publish","type":"product","link":"https:\/\/dev.garden.ee\/en\/product\/dominique-loiseau\/","title":{"rendered":"Dominique Loiseau\u2122"},"content":{"rendered":"<input class=\"fooboxshare_post_id\" type=\"hidden\" value=\"1500\"\/>","protected":false},"excerpt":{"rendered":"<p>\u00d5rnad valged \u00f5ied, kollaka s\u00fcdamikuga.\u00a0H\u00e4sti tihe ja kompaktne p\u00fcstine p\u00f5\u00f5sasroos. Hea haiguskindlusega j\u00e4rjepidev \u00f5itseja. \u00d5rnemaid kroonlehti v\u00f5ib kasutada salati komponendina.<\/p>","protected":false},"featured_media":1501,"template":"","meta":[],"product_brand":[],"product_cat":[4403,9637,4415,6934,4416,4402,22],"product_tag":[9417],"class_list":{"0":"post-1500","1":"product","2":"type-product","3":"status-publish","4":"has-post-thumbnail","6":"product_cat-kodu","7":"product_cat-istutuskast","8":"product_cat-lilleaed","9":"product_cat-mesilassobralik-aed","10":"product_cat-roosiaed","11":"product_cat-roosid","12":"product_cat-taimed","13":"product_tag-soodushind-50","14":"pa_aretus-delbard","15":"pa_avalikustamisaasta-2388","16":"pa_haiguskindlus-vaga-hea","17":"pa_kasvukorgus-40-60-cm","18":"pa_laius-50-cm","19":"pa_lisainfo-mesilaste-lemmik","20":"pa_lisainfo-sobilik-istutuskasti-jaoks","21":"pa_lohn-orn","22":"pa_oie-suurus-keskmine","23":"pa_oie-varv-valge","24":"pa_oietuup-pooltaidisois","25":"pa_oitsemine-korduvalt-oitsev","26":"pa_sort-vaikepoosas","27":"pa_taimede-arvestus-ruutmeetri-9219","28":"pa_talvekindlus-vaga-hea","29":"pa_variatsioon-paljasjuurne-ainult-kevadel","30":"pa_variatsioon-potis-4-6l","31":"pa_variatsioon-potis-4-6l-suvel-ja-sugisel","32":"pa_variatsioon-potis-4-6l-soodushind-50","34":"first","35":"instock","36":"sale","37":"taxable","38":"shipping-taxable","39":"purchasable","40":"product-type-variable"},"acf":[],"_links":{"self":[{"href":"https:\/\/dev.garden.ee\/en\/wp-json\/wp\/v2\/product\/1500","targetHints":{"allow":["GET"]}}],"collection":[{"href":"https:\/\/dev.garden.ee\/en\/wp-json\/wp\/v2\/product"}],"about":[{"href":"https:\/\/dev.garden.ee\/en\/wp-json\/wp\/v2\/types\/product"}],"wp:featuredmedia":[{"embeddable":true,"href":"https:\/\/dev.garden.ee\/en\/wp-json\/wp\/v2\/media\/1501"}],"wp:attachment":[{"href":"https:\/\/dev.garden.ee\/en\/wp-json\/wp\/v2\/media?parent=1500"}],"wp:term":[{"taxonomy":"product_brand","embeddable":true,"href":"https:\/\/dev.garden.ee\/en\/wp-json\/wp\/v2\/product_brand?post=1500"},{"taxonomy":"product_cat","embeddable":true,"href":"https:\/\/dev.garden.ee\/en\/wp-json\/wp\/v2\/product_cat?post=1500"},{"taxonomy":"product_tag","embeddable":true,"href":"https:\/\/dev.garden.ee\/en\/wp-json\/wp\/v2\/product_tag?post=1500"}],"curies":[{"name":"wp","href":"https:\/\/api.w.org\/{rel}","templated":true}]}}