{"id":14914,"date":"2023-01-19T10:05:51","date_gmt":"2023-01-19T08:05:51","guid":{"rendered":"https:\/\/dev.zezz.ee\/garden\/toode\/nepeta-racemosa-snowflake\/"},"modified":"2026-03-03T21:13:19","modified_gmt":"2026-03-03T19:13:19","slug":"nepeta-racemosa-snowflake","status":"publish","type":"product","link":"https:\/\/dev.garden.ee\/en\/product\/nepeta-racemosa-snowflake\/","title":{"rendered":"Nepeta racemosa &#8216;Snowflake&#8217;"},"content":{"rendered":"<input class=\"fooboxshare_post_id\" type=\"hidden\" value=\"14914\"\/>","protected":false},"excerpt":{"rendered":"<p>Kompaktne, p\u00f5\u00f5sakujulise kasvuga p\u00fcsik. P\u00fcstjad varred t\u00e4is v\u00e4iksed valgeid \u00f5isi ja hallikas-rohekad l\u00f5hnavad lehed teevad selle taime ideaalseks lillepeenra \u00e4\u00e4ristajaks. Heades tingimustes \u00f5itseb terve suve kuni k\u00fclmadeni. Ideaalne rooside seltsiline.<\/p>","protected":false},"featured_media":14915,"template":"","meta":[],"product_brand":[],"product_cat":[4415,4414,6934,4401,22],"product_tag":[],"class_list":{"0":"post-14914","1":"product","2":"type-product","3":"status-publish","4":"has-post-thumbnail","6":"product_cat-lilleaed","7":"product_cat-lohnaaed","8":"product_cat-mesilassobralik-aed","9":"product_cat-pusikud","10":"product_cat-taimed","11":"pa_haiguskindlus-vaga-hea","12":"pa_moodud-k-45-cm-l-45-cm","13":"pa_oie-varv-valge","14":"pa_oitsemise-aeg-juuni-september","15":"pa_talvekindlus-vaga-hea","16":"pa_variatsioon-suurem-pott","17":"pa_variatsioon-vaiksem-pott","19":"first","20":"instock","21":"purchasable","22":"product-type-variable"},"acf":[],"_links":{"self":[{"href":"https:\/\/dev.garden.ee\/en\/wp-json\/wp\/v2\/product\/14914","targetHints":{"allow":["GET"]}}],"collection":[{"href":"https:\/\/dev.garden.ee\/en\/wp-json\/wp\/v2\/product"}],"about":[{"href":"https:\/\/dev.garden.ee\/en\/wp-json\/wp\/v2\/types\/product"}],"wp:featuredmedia":[{"embeddable":true,"href":"https:\/\/dev.garden.ee\/en\/wp-json\/wp\/v2\/media\/14915"}],"wp:attachment":[{"href":"https:\/\/dev.garden.ee\/en\/wp-json\/wp\/v2\/media?parent=14914"}],"wp:term":[{"taxonomy":"product_brand","embeddable":true,"href":"https:\/\/dev.garden.ee\/en\/wp-json\/wp\/v2\/product_brand?post=14914"},{"taxonomy":"product_cat","embeddable":true,"href":"https:\/\/dev.garden.ee\/en\/wp-json\/wp\/v2\/product_cat?post=14914"},{"taxonomy":"product_tag","embeddable":true,"href":"https:\/\/dev.garden.ee\/en\/wp-json\/wp\/v2\/product_tag?post=14914"}],"curies":[{"name":"wp","href":"https:\/\/api.w.org\/{rel}","templated":true}]}}