{"id":1481,"date":"2023-01-18T17:04:09","date_gmt":"2023-01-18T15:04:09","guid":{"rendered":"https:\/\/dev.zezz.ee\/garden\/toode\/the-generous-gardener\/"},"modified":"2026-02-09T17:52:59","modified_gmt":"2026-02-09T15:52:59","slug":"the-generous-gardener","status":"publish","type":"product","link":"https:\/\/dev.garden.ee\/en\/product\/the-generous-gardener\/","title":{"rendered":"The Generous Gardener"},"content":{"rendered":"<input class=\"fooboxshare_post_id\" type=\"hidden\" value=\"1481\"\/>","protected":false},"excerpt":{"rendered":"<p>Kannab kaunilt vormitud \u00f5isi, mis varrel graatsiliselt noogutavad. H\u00f5\u00f5guv kreemroosa \u00f5ie keskmes, mis pleegib heledaks, v\u00e4limised kroonlehed peaaegu valgeks. V\u00e4ga veetlev roos, mille kaunikujulised \u00f5ied paljastavad t\u00e4ielikult avanedes loetlematu arvu tolmukaid, j\u00e4ttes peaaegu vesiroosi mulje. Neil on ka imeline aroom, milles on tunda vana roosi, muskuse ja m\u00fcrri noote. Tugev, elegantselt kaarduva kasvu ja l\u00e4ikiva tumerohelise lehestikuga roos on hea haiguskindlusega ning sobib v\u00e4ga h\u00e4sti madalamate taimede\/rooside taha. Kasvab ka poolvarjus ja kehvemal pinnasel.<\/p>\n<p>Sobib kasvatamiseks k\u00f5rgetel seintel, kaartel, pergolatel.<\/p>\n<p>Roos t\u00e4histab Inglismaa aiandusorganisatsiooni National Gardens Scheme 75.-ndat aastap\u00e4eva. NGS on panustanud palju\u00a0heategevusse ning aidanud avada paljud Inglismaa aiad\u00a0aiandushuvilistele.<\/p>","protected":false},"featured_media":25126,"template":"","meta":[],"product_brand":[],"product_cat":[4415,4397,4416,4402,22],"product_tag":[],"class_list":{"0":"post-1481","1":"product","2":"type-product","3":"status-publish","4":"has-post-thumbnail","6":"product_cat-lilleaed","7":"product_cat-ronitaimed","8":"product_cat-roosiaed","9":"product_cat-roosid","10":"product_cat-taimed","11":"pa_aretus-david-austin","12":"pa_avalikustamisaasta-uhendkuningriik-2002","13":"pa_kasvukorgus-250-300-cm","14":"pa_laius-100-cm","15":"pa_lisainfo-mesilaste-lemmik","16":"pa_lisainfo-ronitaim","17":"pa_lisainfo-sobib-osalise-varjuga-kasvualale","18":"pa_lohn-tugev","19":"pa_lohn-murrine","20":"pa_lohn-muskuselaadne","21":"pa_lohn-vana-roos","22":"pa_oie-suurus-keskmine","23":"pa_oie-varv-kahvaturoosa","24":"pa_oietuup-taidisois","25":"pa_oitsemine-korduvalt-oitsev","26":"pa_sort-roniroos","27":"pa_talvekindlus-vaga-hea","28":"pa_variatsioon-paljasjuurne-ainult-kevadel","29":"pa_variatsioon-potis-4-6l-suvel-ja-sugisel","31":"first","32":"outofstock","33":"purchasable","34":"product-type-variable"},"acf":[],"_links":{"self":[{"href":"https:\/\/dev.garden.ee\/en\/wp-json\/wp\/v2\/product\/1481","targetHints":{"allow":["GET"]}}],"collection":[{"href":"https:\/\/dev.garden.ee\/en\/wp-json\/wp\/v2\/product"}],"about":[{"href":"https:\/\/dev.garden.ee\/en\/wp-json\/wp\/v2\/types\/product"}],"wp:featuredmedia":[{"embeddable":true,"href":"https:\/\/dev.garden.ee\/en\/wp-json\/wp\/v2\/media\/25126"}],"wp:attachment":[{"href":"https:\/\/dev.garden.ee\/en\/wp-json\/wp\/v2\/media?parent=1481"}],"wp:term":[{"taxonomy":"product_brand","embeddable":true,"href":"https:\/\/dev.garden.ee\/en\/wp-json\/wp\/v2\/product_brand?post=1481"},{"taxonomy":"product_cat","embeddable":true,"href":"https:\/\/dev.garden.ee\/en\/wp-json\/wp\/v2\/product_cat?post=1481"},{"taxonomy":"product_tag","embeddable":true,"href":"https:\/\/dev.garden.ee\/en\/wp-json\/wp\/v2\/product_tag?post=1481"}],"curies":[{"name":"wp","href":"https:\/\/api.w.org\/{rel}","templated":true}]}}