{"id":14799,"date":"2023-01-19T10:04:33","date_gmt":"2023-01-19T08:04:33","guid":{"rendered":"https:\/\/dev.zezz.ee\/garden\/toode\/substral-viljapuude-ja-marjapoosaste-4-kuune-vaetis\/"},"modified":"2023-03-01T13:23:04","modified_gmt":"2023-03-01T11:23:04","slug":"substral-viljapuude-ja-marjapoosaste-4-kuune-vaetis","status":"publish","type":"product","link":"https:\/\/dev.garden.ee\/en\/product\/substral-viljapuude-ja-marjapoosaste-4-kuune-vaetis\/","title":{"rendered":"Substral Viljapuude ja marjap\u00f5\u00f5saste 4-kuune v\u00e4etis"},"content":{"rendered":"<input class=\"fooboxshare_post_id\" type=\"hidden\" value=\"14799\"\/>","protected":false},"excerpt":{"rendered":"<p>Kvaliteetne mineraalv&auml;etis k&otilde;ikide viljapuude ja marjap&otilde;&otilde;saste v&auml;etamiseks.<\/p>\n<p>Varustades taimi nelja kuu jooksul kevadest s&uuml;giseni tagab v&auml;etis rikkaliku&nbsp;ning maitsva saagi. 1-2 kasutuskorda aastas on selleks piisav.<\/p>\n<p>Toode sisaldab rikkalikult viljade kasvamist soodustavat ja taimi tugevdavat kaaliumi, kiirendab viljade k&uuml;psemist, muudab aroomi intensiivsemaks ning suurendab k&uuml;lmakindlust ja vastupanuv&otilde;imet haiguste suhtes. Puudub vajadus eraldi s&uuml;gisv&auml;etise j&auml;rgi.<\/p>\n<p>Keskkonnas&otilde;bralik v&auml;etis on kergesti taassuletavas pakendis. 100% v&auml;etisegraanulitest on kaetud looduslike &otilde;lide baasil valmistatud vaigukestaga. Kui k&otilde;ik toitained on j&otilde;udnud mulda, laguneb bioloogiliselt ka graanuli kest.<\/p>\n<p>Kogusest piisab u. 25 m2 v&auml;etamiseks.<\/p>","protected":false},"featured_media":14800,"template":"","meta":[],"product_brand":[],"product_cat":[4403,4417],"product_tag":[],"class_list":{"0":"post-14799","1":"product","2":"type-product","3":"status-publish","4":"has-post-thumbnail","6":"product_cat-kodu","7":"product_cat-tarvikud","8":"pa_variatsioon-pakk-1-kg","10":"first","11":"outofstock","12":"product-type-variable"},"acf":[],"_links":{"self":[{"href":"https:\/\/dev.garden.ee\/en\/wp-json\/wp\/v2\/product\/14799","targetHints":{"allow":["GET"]}}],"collection":[{"href":"https:\/\/dev.garden.ee\/en\/wp-json\/wp\/v2\/product"}],"about":[{"href":"https:\/\/dev.garden.ee\/en\/wp-json\/wp\/v2\/types\/product"}],"wp:featuredmedia":[{"embeddable":true,"href":"https:\/\/dev.garden.ee\/en\/wp-json\/wp\/v2\/media\/14800"}],"wp:attachment":[{"href":"https:\/\/dev.garden.ee\/en\/wp-json\/wp\/v2\/media?parent=14799"}],"wp:term":[{"taxonomy":"product_brand","embeddable":true,"href":"https:\/\/dev.garden.ee\/en\/wp-json\/wp\/v2\/product_brand?post=14799"},{"taxonomy":"product_cat","embeddable":true,"href":"https:\/\/dev.garden.ee\/en\/wp-json\/wp\/v2\/product_cat?post=14799"},{"taxonomy":"product_tag","embeddable":true,"href":"https:\/\/dev.garden.ee\/en\/wp-json\/wp\/v2\/product_tag?post=14799"}],"curies":[{"name":"wp","href":"https:\/\/api.w.org\/{rel}","templated":true}]}}