{"id":1477,"date":"2023-01-18T17:04:07","date_gmt":"2023-01-18T15:04:07","guid":{"rendered":"https:\/\/dev.zezz.ee\/garden\/toode\/aster-amellus-veilchenkonigin\/"},"modified":"2026-02-17T10:30:42","modified_gmt":"2026-02-17T08:30:42","slug":"aster-amellus-veilchenkonigin","status":"publish","type":"product","link":"https:\/\/dev.garden.ee\/en\/product\/aster-amellus-veilchenkonigin\/","title":{"rendered":"Aster amellus &#8216;Veilchenk\u00f6nigin&#8217;"},"content":{"rendered":"<input class=\"fooboxshare_post_id\" type=\"hidden\" value=\"1477\"\/>","protected":false},"excerpt":{"rendered":"<p>Inglisekeelne nimi &#8216;Violet Queen&#8217;. Kompaktne, kohev, s\u00fcstjate lehtede ja sinakas-lillade karikakraliste \u00f5itega p\u00fcsik. Pikaajaline \u00f5itseja ja \u00fcks varasemaid \u00f5itsejaid s\u00fcgisastrite hulgas. Toob eriliselt kauni v\u00e4rvi s\u00fcgisesse aeda koos k\u00f5rrelistega. \u00a0Vaasis peab vastu 2 n\u00e4dalat. L\u00f5igata \u00e4ra n\u00e4rbunud \u00f5ied, see soodustab j\u00e4tkuvat \u00f5itsemist.<\/p>","protected":false},"featured_media":25291,"template":"","meta":[],"product_brand":[],"product_cat":[4415,4413,6934,4401,22],"product_tag":[],"class_list":{"0":"post-1477","1":"product","2":"type-product","3":"status-publish","4":"has-post-thumbnail","6":"product_cat-lilleaed","7":"product_cat-loikelilleaed","8":"product_cat-mesilassobralik-aed","9":"product_cat-pusikud","10":"product_cat-taimed","11":"pa_haiguskindlus-hea","12":"pa_kasvukorgus-50-cm","13":"pa_laius-40-cm","14":"pa_lisainfo-mesilaste-lemmik","15":"pa_lisainfo-sobib-loikelilleks","16":"pa_oie-varv-lilla","17":"pa_oitsemise-aeg-august-oktoober","18":"pa_tingimused-hea-drenaaz","19":"pa_tingimused-niiske","20":"pa_tingimused-parasniiske","21":"pa_tsoon-4-9","22":"pa_valguse-tingimused-paike","23":"pa_valguse-tingimused-poolvari","24":"pa_variatsioon-suurem-pott","25":"pa_variatsioon-vaiksem-pott","27":"first","28":"onbackorder","29":"purchasable","30":"product-type-variable"},"acf":[],"_links":{"self":[{"href":"https:\/\/dev.garden.ee\/en\/wp-json\/wp\/v2\/product\/1477","targetHints":{"allow":["GET"]}}],"collection":[{"href":"https:\/\/dev.garden.ee\/en\/wp-json\/wp\/v2\/product"}],"about":[{"href":"https:\/\/dev.garden.ee\/en\/wp-json\/wp\/v2\/types\/product"}],"wp:featuredmedia":[{"embeddable":true,"href":"https:\/\/dev.garden.ee\/en\/wp-json\/wp\/v2\/media\/25291"}],"wp:attachment":[{"href":"https:\/\/dev.garden.ee\/en\/wp-json\/wp\/v2\/media?parent=1477"}],"wp:term":[{"taxonomy":"product_brand","embeddable":true,"href":"https:\/\/dev.garden.ee\/en\/wp-json\/wp\/v2\/product_brand?post=1477"},{"taxonomy":"product_cat","embeddable":true,"href":"https:\/\/dev.garden.ee\/en\/wp-json\/wp\/v2\/product_cat?post=1477"},{"taxonomy":"product_tag","embeddable":true,"href":"https:\/\/dev.garden.ee\/en\/wp-json\/wp\/v2\/product_tag?post=1477"}],"curies":[{"name":"wp","href":"https:\/\/api.w.org\/{rel}","templated":true}]}}