{"id":14689,"date":"2023-01-19T10:03:26","date_gmt":"2023-01-19T08:03:26","guid":{"rendered":"https:\/\/dev.zezz.ee\/garden\/toode\/burgon-ball-orgaaniline-salati-ja-koogiviljavaetis\/"},"modified":"2023-03-01T13:21:23","modified_gmt":"2023-03-01T11:21:23","slug":"burgon-ball-orgaaniline-salati-ja-koogiviljavaetis","status":"publish","type":"product","link":"https:\/\/dev.garden.ee\/en\/product\/burgon-ball-orgaaniline-salati-ja-koogiviljavaetis\/","title":{"rendered":"Burgon &#038; Ball Orgaaniline Salati- ja k\u00f6\u00f6giviljav\u00e4etis"},"content":{"rendered":"<input class=\"fooboxshare_post_id\" type=\"hidden\" value=\"14689\"\/>","protected":false},"excerpt":{"rendered":"<p>K&otilde;rge kvaliteediga orgaaniline v&auml;etis k&otilde;ikidele k&ouml;&ouml;giviljaaia lehtkultuuridele. Ei tekita taime lehep&otilde;letusi.<\/p>\n<p>N-P-K, sisaldab magneesiumi 6-5-7 (+4)&nbsp;<\/p>\n<p>B&amp;B v&auml;etised sisaldavad verepulbrit, kookose koort, sulepuru, merevetikaid jms.<\/p>","protected":false},"featured_media":14690,"template":"","meta":[],"product_brand":[],"product_cat":[4403,4417],"product_tag":[],"class_list":{"0":"post-14689","1":"product","2":"type-product","3":"status-publish","4":"has-post-thumbnail","6":"product_cat-kodu","7":"product_cat-tarvikud","8":"pa_kogus-15-kg","9":"pa_variatsioon-burgon-ball-orgaaniline-salati-ja-koogiviljavaetis","11":"first","12":"outofstock","13":"product-type-variable"},"acf":[],"_links":{"self":[{"href":"https:\/\/dev.garden.ee\/en\/wp-json\/wp\/v2\/product\/14689","targetHints":{"allow":["GET"]}}],"collection":[{"href":"https:\/\/dev.garden.ee\/en\/wp-json\/wp\/v2\/product"}],"about":[{"href":"https:\/\/dev.garden.ee\/en\/wp-json\/wp\/v2\/types\/product"}],"wp:featuredmedia":[{"embeddable":true,"href":"https:\/\/dev.garden.ee\/en\/wp-json\/wp\/v2\/media\/14690"}],"wp:attachment":[{"href":"https:\/\/dev.garden.ee\/en\/wp-json\/wp\/v2\/media?parent=14689"}],"wp:term":[{"taxonomy":"product_brand","embeddable":true,"href":"https:\/\/dev.garden.ee\/en\/wp-json\/wp\/v2\/product_brand?post=14689"},{"taxonomy":"product_cat","embeddable":true,"href":"https:\/\/dev.garden.ee\/en\/wp-json\/wp\/v2\/product_cat?post=14689"},{"taxonomy":"product_tag","embeddable":true,"href":"https:\/\/dev.garden.ee\/en\/wp-json\/wp\/v2\/product_tag?post=14689"}],"curies":[{"name":"wp","href":"https:\/\/api.w.org\/{rel}","templated":true}]}}