{"id":1467,"date":"2023-01-18T17:03:59","date_gmt":"2023-01-18T15:03:59","guid":{"rendered":"https:\/\/dev.zezz.ee\/garden\/toode\/asarum-europaeum\/"},"modified":"2026-02-19T12:30:15","modified_gmt":"2026-02-19T10:30:15","slug":"asarum-europaeum","status":"publish","type":"product","link":"https:\/\/dev.garden.ee\/en\/product\/asarum-europaeum\/","title":{"rendered":"Asarum europaeum"},"content":{"rendered":"<input class=\"fooboxshare_post_id\" type=\"hidden\" value=\"1467\"\/>","protected":false},"excerpt":{"rendered":"<p>\u00dcmarad, pealt l\u00e4ikivad, alt pehmekarvalised, igihaljad lehed. Pruunikaspunased kellukjad \u00f5ied v\u00f5sude tipus longus. Leht katkih\u00f5\u00f5rutult pipra l\u00f5hnaga, m\u00fcrgine. Ammu tuntud pinnakatja varjulistel aladel. Sobib kasvatamiseks suurte puude all, varjuaias. Kena kombineerida koos madalamate hostasortidega, madalamate s\u00f5najalgadega, priimulatega.<\/p>\n<p>Kaaslastena sobivad nt\u00a0Primula hybrida &#8216;Blue Zebra&#8217;,\u00a0Hakonechloa macra &#8216;Aureola&#8217;,\u00a0<a>Polystichum setiferum \u2019Plumosum Densum\u2019,\u00a0<\/a><a>Asplenium scolopendrium &#8216;Cristatum&#8217;,\u00a0<\/a><a>Matteuccia struthiopteris,\u00a0Heuchera &#8216;Apple Crisp&#8217;,\u00a0Buxus sempervirens<\/a><em>.<\/em><\/p>","protected":false},"featured_media":1468,"template":"","meta":[],"product_brand":[],"product_cat":[4406,9200,4401,4412,22],"product_tag":[],"class_list":{"0":"post-1467","1":"product","2":"type-product","3":"status-publish","4":"has-post-thumbnail","6":"product_cat-park","7":"product_cat-pinnakatjad","8":"product_cat-pusikud","9":"product_cat-varjuaed","10":"product_cat-taimed","11":"pa_haiguskindlus-vaga-hea","12":"pa_kasvukorgus-5-10-cm","13":"pa_laius-30-cm","14":"pa_lisainfo-hea-pinnakatja","15":"pa_lisainfo-igihaljas","16":"pa_lisainfo-murgine","17":"pa_lisainfo-sobib-osalise-varjuga-kasvualale","18":"pa_lisainfo-talub-juurekonkurentsi","19":"pa_oie-varv-pruun","20":"pa_oitsemise-aeg-aprill-mai","21":"pa_talvekindlus-vaga-hea","22":"pa_tingimused-niiske","23":"pa_tingimused-viljakas","24":"pa_tsoon-2-8","25":"pa_valguse-tingimused-poolvari","26":"pa_valguse-tingimused-vari","27":"pa_variatsioon-suurem-pott","28":"pa_variatsioon-vaiksem-pott","30":"first","31":"onbackorder","32":"purchasable","33":"product-type-variable"},"acf":[],"_links":{"self":[{"href":"https:\/\/dev.garden.ee\/en\/wp-json\/wp\/v2\/product\/1467","targetHints":{"allow":["GET"]}}],"collection":[{"href":"https:\/\/dev.garden.ee\/en\/wp-json\/wp\/v2\/product"}],"about":[{"href":"https:\/\/dev.garden.ee\/en\/wp-json\/wp\/v2\/types\/product"}],"wp:featuredmedia":[{"embeddable":true,"href":"https:\/\/dev.garden.ee\/en\/wp-json\/wp\/v2\/media\/1468"}],"wp:attachment":[{"href":"https:\/\/dev.garden.ee\/en\/wp-json\/wp\/v2\/media?parent=1467"}],"wp:term":[{"taxonomy":"product_brand","embeddable":true,"href":"https:\/\/dev.garden.ee\/en\/wp-json\/wp\/v2\/product_brand?post=1467"},{"taxonomy":"product_cat","embeddable":true,"href":"https:\/\/dev.garden.ee\/en\/wp-json\/wp\/v2\/product_cat?post=1467"},{"taxonomy":"product_tag","embeddable":true,"href":"https:\/\/dev.garden.ee\/en\/wp-json\/wp\/v2\/product_tag?post=1467"}],"curies":[{"name":"wp","href":"https:\/\/api.w.org\/{rel}","templated":true}]}}