{"id":1463,"date":"2023-01-18T17:03:57","date_gmt":"2023-01-18T15:03:57","guid":{"rendered":"https:\/\/dev.zezz.ee\/garden\/toode\/calamagrostis-x-acutiflora-avalanche\/"},"modified":"2026-02-18T16:09:01","modified_gmt":"2026-02-18T14:09:01","slug":"calamagrostis-x-acutiflora-avalanche","status":"publish","type":"product","link":"https:\/\/dev.garden.ee\/en\/product\/calamagrostis-x-acutiflora-avalanche\/","title":{"rendered":"Calamagrostis x acutiflora &#8216;Avalanche&#8217;"},"content":{"rendered":"<input class=\"fooboxshare_post_id\" type=\"hidden\" value=\"1463\"\/>","protected":false},"excerpt":{"rendered":"<p>Vaimustav, kahev\u00e4rviline k\u00f5rreline. Tumeroheline lehestik, millel lai valge triip keskelt kulgemas. V\u00e4rvik\u00fcllasena p\u00fcsib kaunina terve hooaja v\u00e4ltel. T\u00e4nu oma korrektselt p\u00fcstisele vormile on tegemist ideaalse taimega, et luua n\u00e4iteks rohelist vaheseina v\u00f5i p\u00f5nevat taustalust teistele taimedele. Nisuv\u00e4rvi \u00f5iep\u00e4hikud p\u00fcsivad taimel atraktiivsena aastaringselt. Kergesti kasvatatav, mulla suhtes leplik, siiski eelistab niiskemat mulda.<\/p>","protected":false},"featured_media":1464,"template":"","meta":[],"product_brand":[],"product_cat":[4407,4400,4415,4401,22],"product_tag":[],"class_list":{"0":"post-1463","1":"product","2":"type-product","3":"status-publish","4":"has-post-thumbnail","6":"product_cat-aasad","7":"product_cat-korrelised","8":"product_cat-lilleaed","9":"product_cat-pusikud","10":"product_cat-taimed","11":"pa_haiguskindlus-hea","12":"pa_kasvukorgus-90-120-cm","13":"pa_laius-60-70-cm","14":"pa_lehestikuvarv-roheline","15":"pa_lehestikuvarv-valge","16":"pa_lisainfo-dekoratiivne-lehestik","17":"pa_oie-varv-beez","18":"pa_oitsemise-aeg-juuli","19":"pa_talvekindlus-vaga-hea","20":"pa_tingimused-niiske","21":"pa_tingimused-parasniiske","22":"pa_tsoon-4-9","23":"pa_valguse-tingimused-paike","24":"pa_valguse-tingimused-poolvari","25":"pa_variatsioon-suurem-pott","26":"pa_variatsioon-vaiksem-pott","28":"first","29":"onbackorder","30":"purchasable","31":"product-type-variable"},"acf":[],"_links":{"self":[{"href":"https:\/\/dev.garden.ee\/en\/wp-json\/wp\/v2\/product\/1463","targetHints":{"allow":["GET"]}}],"collection":[{"href":"https:\/\/dev.garden.ee\/en\/wp-json\/wp\/v2\/product"}],"about":[{"href":"https:\/\/dev.garden.ee\/en\/wp-json\/wp\/v2\/types\/product"}],"wp:featuredmedia":[{"embeddable":true,"href":"https:\/\/dev.garden.ee\/en\/wp-json\/wp\/v2\/media\/1464"}],"wp:attachment":[{"href":"https:\/\/dev.garden.ee\/en\/wp-json\/wp\/v2\/media?parent=1463"}],"wp:term":[{"taxonomy":"product_brand","embeddable":true,"href":"https:\/\/dev.garden.ee\/en\/wp-json\/wp\/v2\/product_brand?post=1463"},{"taxonomy":"product_cat","embeddable":true,"href":"https:\/\/dev.garden.ee\/en\/wp-json\/wp\/v2\/product_cat?post=1463"},{"taxonomy":"product_tag","embeddable":true,"href":"https:\/\/dev.garden.ee\/en\/wp-json\/wp\/v2\/product_tag?post=1463"}],"curies":[{"name":"wp","href":"https:\/\/api.w.org\/{rel}","templated":true}]}}