{"id":1458,"date":"2023-01-18T17:03:49","date_gmt":"2023-01-18T15:03:49","guid":{"rendered":"https:\/\/dev.zezz.ee\/garden\/toode\/epimedium-x-youngianum-niveum\/"},"modified":"2026-02-23T15:48:23","modified_gmt":"2026-02-23T13:48:23","slug":"epimedium-x-youngianum-niveum","status":"publish","type":"product","link":"https:\/\/dev.garden.ee\/en\/product\/epimedium-x-youngianum-niveum\/","title":{"rendered":"Epimedium x youngianum &#8216;Niveum&#8217;"},"content":{"rendered":"<input class=\"fooboxshare_post_id\" type=\"hidden\" value=\"1458\"\/>","protected":false},"excerpt":{"rendered":"<p>Antud puhasvalgete \u00f5itega sort l\u00f6\u00f6b delikaatselt s\u00e4rama iga varjulise nurga. Noored kevadised lehed on punaka varjundiga, suvel pakub taim rohelist lehestikku, mis s\u00fcgise tulekuga muutub aga imekaunilt tumepunaseks.\u00a0Epimeediumil kulub paar aastat enne kui ta saavutab oma t\u00e4iskasvanud taime m\u00f5\u00f5dud. Tegemist on aga v\u00e4ga pikaealise ning vastupidava taimega. N\u00e4iteks t\u00e4iskasvanud taim saab hakkama ka p\u00f5uastest tingimustes.\u00a0Parima lehestiku saamiseks tuleks kevadel enne uue lehestiku tulekut vanem maha l\u00f5igata.\u00a0Taime v\u00f5ib jagada varakevadel v\u00f5i hilissuvel. Suurep\u00e4rane pinnakatja varjulistel aladel, metsa-aias, metsastel istutusaladel, metsapargis. \u00a0Sobib kasvatada ka kiviktaimlates ja alpi-aedades, sellisel juhul varjulisemas osas. Mullastiku suhtes leplik taim.\u00a0RHSi poolt p\u00e4rjatud Award of Garden Meritiga.<\/p>","protected":false},"featured_media":1459,"template":"","meta":[],"product_brand":[],"product_cat":[4406,9200,4401,4412,22],"product_tag":[9209],"class_list":{"0":"post-1458","1":"product","2":"type-product","3":"status-publish","4":"has-post-thumbnail","6":"product_cat-park","7":"product_cat-pinnakatjad","8":"product_cat-pusikud","9":"product_cat-varjuaed","10":"product_cat-taimed","11":"product_tag-rhs-award-of-garden-merit","12":"pa_haiguskindlus-vaga-hea","13":"pa_kasvukorgus-25-cm","14":"pa_laius-25-cm","15":"pa_lisainfo-hea-pinnakatja","16":"pa_lisainfo-sobib-osalise-varjuga-kasvualale","17":"pa_lisainfo-talub-juurekonkurentsi","18":"pa_lisainfo-talub-kuiva-varjulisemat-kasvukohta","19":"pa_oie-varv-valge","20":"pa_oitsemise-aeg-aprill-mai","21":"pa_talvekindlus-vaga-hea","22":"pa_tingimused-hea-drenaaz","23":"pa_tsoon-4-9","24":"pa_valguse-tingimused-poolvari","25":"pa_valguse-tingimused-vari","26":"pa_variatsioon-suurem-pott","27":"pa_variatsioon-vaiksem-pott","29":"first","30":"instock","31":"purchasable","32":"product-type-variable"},"acf":[],"_links":{"self":[{"href":"https:\/\/dev.garden.ee\/en\/wp-json\/wp\/v2\/product\/1458","targetHints":{"allow":["GET"]}}],"collection":[{"href":"https:\/\/dev.garden.ee\/en\/wp-json\/wp\/v2\/product"}],"about":[{"href":"https:\/\/dev.garden.ee\/en\/wp-json\/wp\/v2\/types\/product"}],"wp:featuredmedia":[{"embeddable":true,"href":"https:\/\/dev.garden.ee\/en\/wp-json\/wp\/v2\/media\/1459"}],"wp:attachment":[{"href":"https:\/\/dev.garden.ee\/en\/wp-json\/wp\/v2\/media?parent=1458"}],"wp:term":[{"taxonomy":"product_brand","embeddable":true,"href":"https:\/\/dev.garden.ee\/en\/wp-json\/wp\/v2\/product_brand?post=1458"},{"taxonomy":"product_cat","embeddable":true,"href":"https:\/\/dev.garden.ee\/en\/wp-json\/wp\/v2\/product_cat?post=1458"},{"taxonomy":"product_tag","embeddable":true,"href":"https:\/\/dev.garden.ee\/en\/wp-json\/wp\/v2\/product_tag?post=1458"}],"curies":[{"name":"wp","href":"https:\/\/api.w.org\/{rel}","templated":true}]}}