{"id":1448,"date":"2023-01-18T17:03:43","date_gmt":"2023-01-18T15:03:43","guid":{"rendered":"https:\/\/dev.zezz.ee\/garden\/toode\/digitalis-purpurea-albiflora\/"},"modified":"2026-02-21T21:49:01","modified_gmt":"2026-02-21T19:49:01","slug":"digitalis-purpurea-albiflora","status":"publish","type":"product","link":"https:\/\/dev.garden.ee\/en\/product\/digitalis-purpurea-albiflora\/","title":{"rendered":"Digitalis purpurea &#8216;Albiflora&#8217; \/ &#8216;Alba&#8217;"},"content":{"rendered":"<input class=\"fooboxshare_post_id\" type=\"hidden\" value=\"1448\"\/>","protected":false},"excerpt":{"rendered":"<p>Puhasvalgetest, kellukestekujulistest \u00f5itest moodustuvad \u00fchele poole vaatavad, pikad \u00f5isikuvarred. Kaunis valge\u00f5ieline sort s\u00f5rmk\u00fcbarate seas. \u00d5ievarred on k\u00fcll pikad, kuid samas tugevad ega vaja mingit toestust. Taim on tegelikult kaheaastane, kuid kuulub ikkagi p\u00fcsikute hulka. Teeb edukalt isek\u00fclvi. S\u00fcgisel l\u00f5igata taime pikk \u00f5ievars maani maha. \u00a0Kauap\u00fcsiv vaasilill, elegantseks lisandiks lillekimpudesse. Pilgup\u00fc\u00fcdjaks p\u00fcsikute peenrasse, kaunis taustataim. Kasvamiseks vajab niiskemat mulda, v\u00e4ga kuivas mullas j\u00e4\u00e4b kiduraks. Eelistab p\u00e4ikeselisemat kasvukohta, kuid poolvarjus tunneb end samuti mugavalt. RHSi poolt on taimele omistatud Award of Garden Merit. Ettevaatust! Taime lehed on m\u00fcrgised! Ka taime mahlad v\u00f5ivad p\u00f5hjustada allergilisi nahareaktsioone.<\/p>","protected":false},"featured_media":23476,"template":"","meta":[],"product_brand":[],"product_cat":[4407,4415,6934,4401,22],"product_tag":[9209],"class_list":{"0":"post-1448","1":"product","2":"type-product","3":"status-publish","4":"has-post-thumbnail","6":"product_cat-aasad","7":"product_cat-lilleaed","8":"product_cat-mesilassobralik-aed","9":"product_cat-pusikud","10":"product_cat-taimed","11":"product_tag-rhs-award-of-garden-merit","12":"pa_haiguskindlus-vaga-hea","13":"pa_kasvukorgus-150-200-cm","14":"pa_laius-60-cm","15":"pa_lisainfo-murgine","16":"pa_lisainfo-sobib-loikelilleks","17":"pa_lisainfo-sobib-osalise-varjuga-kasvualale","18":"pa_oie-varv-valge","19":"pa_oitsemise-aeg-juuni-juuli","20":"pa_talvekindlus-hea","21":"pa_tingimused-huumusrikas","22":"pa_tingimused-parasniiske","23":"pa_tsoon-4-9","24":"pa_valguse-tingimused-paike","25":"pa_valguse-tingimused-poolvari","26":"pa_variatsioon-suurem-pott","27":"pa_variatsioon-vaiksem-pott","29":"first","30":"instock","31":"purchasable","32":"product-type-variable"},"acf":[],"_links":{"self":[{"href":"https:\/\/dev.garden.ee\/en\/wp-json\/wp\/v2\/product\/1448","targetHints":{"allow":["GET"]}}],"collection":[{"href":"https:\/\/dev.garden.ee\/en\/wp-json\/wp\/v2\/product"}],"about":[{"href":"https:\/\/dev.garden.ee\/en\/wp-json\/wp\/v2\/types\/product"}],"wp:featuredmedia":[{"embeddable":true,"href":"https:\/\/dev.garden.ee\/en\/wp-json\/wp\/v2\/media\/23476"}],"wp:attachment":[{"href":"https:\/\/dev.garden.ee\/en\/wp-json\/wp\/v2\/media?parent=1448"}],"wp:term":[{"taxonomy":"product_brand","embeddable":true,"href":"https:\/\/dev.garden.ee\/en\/wp-json\/wp\/v2\/product_brand?post=1448"},{"taxonomy":"product_cat","embeddable":true,"href":"https:\/\/dev.garden.ee\/en\/wp-json\/wp\/v2\/product_cat?post=1448"},{"taxonomy":"product_tag","embeddable":true,"href":"https:\/\/dev.garden.ee\/en\/wp-json\/wp\/v2\/product_tag?post=1448"}],"curies":[{"name":"wp","href":"https:\/\/api.w.org\/{rel}","templated":true}]}}