{"id":14428,"date":"2023-01-19T10:00:31","date_gmt":"2023-01-19T08:00:31","guid":{"rendered":"https:\/\/dev.zezz.ee\/garden\/toode\/geranium-phaeum\/"},"modified":"2026-02-24T12:30:17","modified_gmt":"2026-02-24T10:30:17","slug":"geranium-phaeum","status":"publish","type":"product","link":"https:\/\/dev.garden.ee\/en\/product\/geranium-phaeum\/","title":{"rendered":"Geranium phaeum"},"content":{"rendered":"<input class=\"fooboxshare_post_id\" type=\"hidden\" value=\"14428\"\/>","protected":false},"excerpt":{"rendered":"<p>V\u00e4\u00e4rtuslik leid just oma p\u00f5neva \u00f5ieilu t\u00f5ttu. Unikaalsete tumepurpursete \u00f5ite kroonlehed on avatud v\u00e4ljapoole, luues seel\u00e4bi erakordse vaatepildi, kus silma saavad paista ka k\u00fcllaltki pikad tolmukad. S\u00fcnget veripunast v\u00e4rvi \u00f5ite p\u00e4rast kutsutakse seda sorti &#8216;Leinavaks Leseks&#8217;.\u00a0Suurep\u00e4rane taim metsa\u00e4\u00e4rsetele istutusaladele. Talub kuivemat ja varjulisemat kohta paremini kui teised kurereha sordid.\u00a0Peale \u00f5itsemist tuleks taim tagasi l\u00f5igata, teeb veel \u00fche \u00f5itsemise. Taime v\u00f5ib jagada nii kevadel kui ka s\u00fcgisel.<\/p>","protected":false},"featured_media":14429,"template":"","meta":[],"product_brand":[],"product_cat":[4415,9200,4401,22],"product_tag":[],"class_list":{"0":"post-14428","1":"product","2":"type-product","3":"status-publish","4":"has-post-thumbnail","6":"product_cat-lilleaed","7":"product_cat-pinnakatjad","8":"product_cat-pusikud","9":"product_cat-taimed","10":"pa_haiguskindlus-vaga-hea","11":"pa_lisainfo-sobib-osalise-varjuga-kasvualale","12":"pa_lisainfo-talub-kuiva-varjulisemat-kasvukohta","13":"pa_moodud-k-50-70-cm-l-45-cm","14":"pa_oie-varv-purpurne","15":"pa_oitsemise-aeg-mai-juuni","16":"pa_talvekindlus-vaga-hea","17":"pa_tsoon-5-7","18":"pa_variatsioon-suurem-pott","19":"pa_variatsioon-vaiksem-pott","21":"first","22":"instock","23":"purchasable","24":"product-type-variable"},"acf":[],"_links":{"self":[{"href":"https:\/\/dev.garden.ee\/en\/wp-json\/wp\/v2\/product\/14428","targetHints":{"allow":["GET"]}}],"collection":[{"href":"https:\/\/dev.garden.ee\/en\/wp-json\/wp\/v2\/product"}],"about":[{"href":"https:\/\/dev.garden.ee\/en\/wp-json\/wp\/v2\/types\/product"}],"wp:featuredmedia":[{"embeddable":true,"href":"https:\/\/dev.garden.ee\/en\/wp-json\/wp\/v2\/media\/14429"}],"wp:attachment":[{"href":"https:\/\/dev.garden.ee\/en\/wp-json\/wp\/v2\/media?parent=14428"}],"wp:term":[{"taxonomy":"product_brand","embeddable":true,"href":"https:\/\/dev.garden.ee\/en\/wp-json\/wp\/v2\/product_brand?post=14428"},{"taxonomy":"product_cat","embeddable":true,"href":"https:\/\/dev.garden.ee\/en\/wp-json\/wp\/v2\/product_cat?post=14428"},{"taxonomy":"product_tag","embeddable":true,"href":"https:\/\/dev.garden.ee\/en\/wp-json\/wp\/v2\/product_tag?post=14428"}],"curies":[{"name":"wp","href":"https:\/\/api.w.org\/{rel}","templated":true}]}}