{"id":14397,"date":"2023-01-19T10:00:05","date_gmt":"2023-01-19T08:00:05","guid":{"rendered":"https:\/\/dev.zezz.ee\/garden\/toode\/hemerocallis-wineberry-candy\/"},"modified":"2026-02-25T18:42:51","modified_gmt":"2026-02-25T16:42:51","slug":"hemerocallis-wineberry-candy","status":"publish","type":"product","link":"https:\/\/dev.garden.ee\/en\/product\/hemerocallis-wineberry-candy\/","title":{"rendered":"Hemerocallis &#8216;Wineberry Candy&#8217;"},"content":{"rendered":"<input class=\"fooboxshare_post_id\" type=\"hidden\" value=\"14397\"\/>","protected":false},"excerpt":{"rendered":"<p>Suured, kroogitud \u00e4\u00e4rtega virsikutooni \u00f5ied on kauni veinililla keskme ning rohelise s\u00fcdamikuga. Trompetikujulise \u00f5iega, p\u00fcstise, tugeva varrega ja tiheda helerohelise lehestikuga p\u00fcsik. V\u00e4ga pika \u00f5itsemisajaga taim aretati 1990. aastal Patrick Stamile\u2019i poolt. Loob v\u00e4ga efektiivse pinnasekatte, samas sobib kasvama ka suurde potti. V\u00e4ga hea vastupidavusega, kuna tema eluj\u00f5udu ei v\u00e4henda ka kuiv pinnas, talvel soolatud teed ega saastatud keskkond. P\u00e4evaliiliad on vastupidavad ja rikkalikud \u00f5itsejad, vajavad vaid p\u00e4ikeselist kasvukohta. Mulla suhtes v\u00e4ga leplikud taimed. Massina istutades on v\u00e4ga kaunis tulemus. Taime saab paljundada jagamise teel. Aeg-ajalt v\u00f5iks kontrollida, et kiriteod poleks taime kahjustanud. Muid vaenlasi tal pole, haiguseid ei p\u00f5e.<\/p>\n<p>&nbsp;<\/p>","protected":false},"featured_media":14398,"template":"","meta":[],"product_brand":[],"product_cat":[4415,4401,4409,4392,22],"product_tag":[],"class_list":{"0":"post-14397","1":"product","2":"type-product","3":"status-publish","4":"has-post-thumbnail","6":"product_cat-lilleaed","7":"product_cat-pusikud","8":"product_cat-tiigiaed","9":"product_cat-tiigitaimed","10":"product_cat-taimed","11":"pa_haiguskindlus-vaga-hea","12":"pa_moodud-k-55-60-cm-l-30-70-cm","13":"pa_oie-varv-mitmevarviline","14":"pa_oitsemise-aeg-juuli-september","15":"pa_talvekindlus-vaga-hea","16":"pa_tsoon-z-3-9","17":"pa_variatsioon-suurem-pott","18":"pa_variatsioon-vaiksem-pott","20":"first","21":"instock","22":"purchasable","23":"product-type-variable"},"acf":[],"_links":{"self":[{"href":"https:\/\/dev.garden.ee\/en\/wp-json\/wp\/v2\/product\/14397","targetHints":{"allow":["GET"]}}],"collection":[{"href":"https:\/\/dev.garden.ee\/en\/wp-json\/wp\/v2\/product"}],"about":[{"href":"https:\/\/dev.garden.ee\/en\/wp-json\/wp\/v2\/types\/product"}],"wp:featuredmedia":[{"embeddable":true,"href":"https:\/\/dev.garden.ee\/en\/wp-json\/wp\/v2\/media\/14398"}],"wp:attachment":[{"href":"https:\/\/dev.garden.ee\/en\/wp-json\/wp\/v2\/media?parent=14397"}],"wp:term":[{"taxonomy":"product_brand","embeddable":true,"href":"https:\/\/dev.garden.ee\/en\/wp-json\/wp\/v2\/product_brand?post=14397"},{"taxonomy":"product_cat","embeddable":true,"href":"https:\/\/dev.garden.ee\/en\/wp-json\/wp\/v2\/product_cat?post=14397"},{"taxonomy":"product_tag","embeddable":true,"href":"https:\/\/dev.garden.ee\/en\/wp-json\/wp\/v2\/product_tag?post=14397"}],"curies":[{"name":"wp","href":"https:\/\/api.w.org\/{rel}","templated":true}]}}