{"id":1434,"date":"2023-01-18T17:03:34","date_gmt":"2023-01-18T15:03:34","guid":{"rendered":"https:\/\/dev.zezz.ee\/garden\/toode\/abracadabra\/"},"modified":"2026-02-01T15:50:40","modified_gmt":"2026-02-01T13:50:40","slug":"abracadabra","status":"publish","type":"product","link":"https:\/\/dev.garden.ee\/en\/product\/abracadabra\/","title":{"rendered":"Abracadabra\u00ae"},"content":{"rendered":"<input class=\"fooboxshare_post_id\" type=\"hidden\" value=\"1434\"\/>","protected":false},"excerpt":{"rendered":"<p>Kaunilt silmapaistvate rooside \u00f5ied on punase-valge-kollase triibulised. Kerge aroomiga \u00f5ie suurus on umbes 7-8 cm. Matt ning tumeroheline lehestik on \u00f5itele sobivaks taustaks. Puhmja ja p\u00fcstise kasvuga p\u00f5\u00f5sal on peaaegu ogadeta varred. Hea tervisega sort pakub \u00f5isi terve hooaja jooksul.<\/p>\n<p>Auhinnatud sort \u2013 p\u00e4lvinud preemiaid rahvusvahelistel roosiv\u00f5istlustel.<\/p>\n<p><span style=\"color: #ff0000;\">ETTETELLIMINE, V\u00c4LJASTAMINE APRILLI TEISEST POOLEST<\/span><\/p>","protected":false},"featured_media":1435,"template":"","meta":[],"product_brand":[],"product_cat":[4415,4413,4416,4402,22],"product_tag":[],"class_list":{"0":"post-1434","1":"product","2":"type-product","3":"status-publish","4":"has-post-thumbnail","6":"product_cat-lilleaed","7":"product_cat-loikelilleaed","8":"product_cat-roosiaed","9":"product_cat-roosid","10":"product_cat-taimed","11":"pa_aretus-w-kordes-sohne","12":"pa_avalikustamisaasta-saksamaa-2014","13":"pa_haiguskindlus-vaga-hea","14":"pa_kasvukorgus-70-90-cm","15":"pa_laius-50-cm","16":"pa_lisainfo-sobib-loikelilleks","17":"pa_lohn-orn","18":"pa_oie-suurus-keskmine","19":"pa_oie-varv-punane","20":"pa_oie-varv-kollane","21":"pa_oie-varv-mitmevarviline","22":"pa_oie-varv-valge","23":"pa_oietuup-taidisois","24":"pa_oitsemine-korduvalt-oitsev","25":"pa_sort-floribund-ehk-paljuoieline-roos","26":"pa_taimede-arvestus-ruutmeetri-4-5","27":"pa_talvekindlus-vaga-hea","28":"pa_variatsioon-potis-2l-kevadel","29":"pa_variatsioon-potis-4-6l-suvel-ja-sugisel","31":"first","32":"outofstock","33":"purchasable","34":"product-type-variable"},"acf":[],"_links":{"self":[{"href":"https:\/\/dev.garden.ee\/en\/wp-json\/wp\/v2\/product\/1434","targetHints":{"allow":["GET"]}}],"collection":[{"href":"https:\/\/dev.garden.ee\/en\/wp-json\/wp\/v2\/product"}],"about":[{"href":"https:\/\/dev.garden.ee\/en\/wp-json\/wp\/v2\/types\/product"}],"wp:featuredmedia":[{"embeddable":true,"href":"https:\/\/dev.garden.ee\/en\/wp-json\/wp\/v2\/media\/1435"}],"wp:attachment":[{"href":"https:\/\/dev.garden.ee\/en\/wp-json\/wp\/v2\/media?parent=1434"}],"wp:term":[{"taxonomy":"product_brand","embeddable":true,"href":"https:\/\/dev.garden.ee\/en\/wp-json\/wp\/v2\/product_brand?post=1434"},{"taxonomy":"product_cat","embeddable":true,"href":"https:\/\/dev.garden.ee\/en\/wp-json\/wp\/v2\/product_cat?post=1434"},{"taxonomy":"product_tag","embeddable":true,"href":"https:\/\/dev.garden.ee\/en\/wp-json\/wp\/v2\/product_tag?post=1434"}],"curies":[{"name":"wp","href":"https:\/\/api.w.org\/{rel}","templated":true}]}}