{"id":1430,"date":"2023-01-18T17:03:31","date_gmt":"2023-01-18T15:03:31","guid":{"rendered":"https:\/\/dev.zezz.ee\/garden\/toode\/dictamnus-albus-albiflorus\/"},"modified":"2026-02-21T21:12:30","modified_gmt":"2026-02-21T19:12:30","slug":"dictamnus-albus-albiflorus","status":"publish","type":"product","link":"https:\/\/dev.garden.ee\/en\/product\/dictamnus-albus-albiflorus\/","title":{"rendered":"Dictamnus albus &#8216;Albiflorus&#8217;"},"content":{"rendered":"<input class=\"fooboxshare_post_id\" type=\"hidden\" value=\"1430\"\/>","protected":false},"excerpt":{"rendered":"<p>Ebatavaline taim, mille \u00f5isikud koosnevad v\u00e4ga avatud kroonlehtedega, sidrunil\u00f5hnalistest \u00f5itest, mille \u00fcleloomulikult pikad tolmukad on k\u00f5verdatud \u00fclespoole nagu\u00a0edevate neidude ripsmed. Lehestik on kohev, terve ja tumeroheline. Taim ei kaota oma s\u00e4ra ka peale \u00f5itsemist, kuna \u00f5itest valmivad v\u00e4gagi atraktiivsed seemnekaunad. Kasvukoht tuleks hoolikalt l\u00e4bi m\u00f5elda, kuna \u00fcmberistutamisega j\u00e4\u00e4b taim veidike p\u00f5dema. Kasvab \u00fchtlaselt \u00fcmmarguseks p\u00f5\u00f5saks, on v\u00e4ga kaunis soolotaimena. Pimestavalt uhkeks muutub soojas, tuulevaikses, p\u00e4ikeselises kasvukohas. Mulla suhtes lepib tavalise aiamullaga. Ettevaatust, taim v\u00f5ib nahaga kokkupuutel tekitada \u00e4rritust ja punetust. Soovitav on kasutada kindaid.<\/p>","protected":false},"featured_media":1431,"template":"","meta":[],"product_brand":[],"product_cat":[4415,4401,22],"product_tag":[],"class_list":{"0":"post-1430","1":"product","2":"type-product","3":"status-publish","4":"has-post-thumbnail","6":"product_cat-lilleaed","7":"product_cat-pusikud","8":"product_cat-taimed","9":"pa_haiguskindlus-vaga-hea","10":"pa_kasvukorgus-60-90-cm","11":"pa_laius-60-cm","12":"pa_lisainfo-murgine","13":"pa_lohn-lohnav","14":"pa_lohn-tsitruseline","15":"pa_oie-varv-valge","16":"pa_oitsemise-aeg-juuni","17":"pa_talvekindlus-vaga-hea","18":"pa_tingimused-parasniiske","19":"pa_tingimused-viljakas","20":"pa_tsoon-3-8","21":"pa_valguse-tingimused-paike","22":"pa_variatsioon-suurem-pott","23":"pa_variatsioon-vaiksem-pott","25":"first","26":"instock","27":"purchasable","28":"product-type-variable"},"acf":[],"_links":{"self":[{"href":"https:\/\/dev.garden.ee\/en\/wp-json\/wp\/v2\/product\/1430","targetHints":{"allow":["GET"]}}],"collection":[{"href":"https:\/\/dev.garden.ee\/en\/wp-json\/wp\/v2\/product"}],"about":[{"href":"https:\/\/dev.garden.ee\/en\/wp-json\/wp\/v2\/types\/product"}],"wp:featuredmedia":[{"embeddable":true,"href":"https:\/\/dev.garden.ee\/en\/wp-json\/wp\/v2\/media\/1431"}],"wp:attachment":[{"href":"https:\/\/dev.garden.ee\/en\/wp-json\/wp\/v2\/media?parent=1430"}],"wp:term":[{"taxonomy":"product_brand","embeddable":true,"href":"https:\/\/dev.garden.ee\/en\/wp-json\/wp\/v2\/product_brand?post=1430"},{"taxonomy":"product_cat","embeddable":true,"href":"https:\/\/dev.garden.ee\/en\/wp-json\/wp\/v2\/product_cat?post=1430"},{"taxonomy":"product_tag","embeddable":true,"href":"https:\/\/dev.garden.ee\/en\/wp-json\/wp\/v2\/product_tag?post=1430"}],"curies":[{"name":"wp","href":"https:\/\/api.w.org\/{rel}","templated":true}]}}