{"id":1426,"date":"2023-01-18T17:03:28","date_gmt":"2023-01-18T15:03:28","guid":{"rendered":"https:\/\/dev.zezz.ee\/garden\/toode\/dictamnus-albus\/"},"modified":"2026-02-21T21:07:48","modified_gmt":"2026-02-21T19:07:48","slug":"dictamnus-albus","status":"publish","type":"product","link":"https:\/\/dev.garden.ee\/en\/product\/dictamnus-albus\/","title":{"rendered":"Dictamnus albus"},"content":{"rendered":"<input class=\"fooboxshare_post_id\" type=\"hidden\" value=\"1426\"\/>","protected":false},"excerpt":{"rendered":"<p>Taim on k\u00fcll aeglase kasvuga, kuid v\u00e4ga pikaealine. Kui on valitud moosesep\u00f5\u00f5sa jaoks soe, p\u00e4ikeseline kasvukoht, v\u00f5ib ta \u00fches kohas kasvada ja rikkalikult \u00f5itseda aastaid. \u00dcmberistutamisel j\u00e4\u00e4b m\u00f5neks ajaks p\u00f5dema. Sidrunil\u00f5hnalisest, l\u00e4ikivast lehestikust moodustub kohev p\u00fcstine puhmas. Pikad, helelillad, soonilised \u00f5isikud, mis n\u00e4evad v\u00e4lja nagu eksootilised \u00e4mblikud, loovad v\u00e4ga edeva efekti. Peale \u00f5itsemist j\u00e4\u00e4vad j\u00e4rele huvitavad ornamentaalsed seemnekobarad. Taim meelitab kohale liblikaid. K\u00f5ige kaunim on soolotaimena, vajab laiutamiseks veidikene ruumi.\u00a0T\u00e4helepanu, lehestik v\u00f5ib tekitada naha\u00e4rritust!<\/p>","protected":false},"featured_media":1427,"template":"","meta":[],"product_brand":[],"product_cat":[4415,4401,22],"product_tag":[],"class_list":{"0":"post-1426","1":"product","2":"type-product","3":"status-publish","4":"has-post-thumbnail","6":"product_cat-lilleaed","7":"product_cat-pusikud","8":"product_cat-taimed","9":"pa_haiguskindlus-vaga-hea","10":"pa_kasvukorgus-60-90-cm","11":"pa_laius-45-60-cm","12":"pa_lisainfo-mesilaste-lemmik","13":"pa_lisainfo-murgine","14":"pa_lohn-lohnav","15":"pa_lohn-tsitruseline","16":"pa_oie-varv-roosa","17":"pa_oitsemise-aeg-juuni","18":"pa_talvekindlus-vaga-hea","19":"pa_tingimused-hea-drenaaz","20":"pa_tsoon-4-9","21":"pa_valguse-tingimused-paike","22":"pa_variatsioon-suurem-pott","23":"pa_variatsioon-vaiksem-pott","25":"first","26":"instock","27":"purchasable","28":"product-type-variable"},"acf":[],"_links":{"self":[{"href":"https:\/\/dev.garden.ee\/en\/wp-json\/wp\/v2\/product\/1426","targetHints":{"allow":["GET"]}}],"collection":[{"href":"https:\/\/dev.garden.ee\/en\/wp-json\/wp\/v2\/product"}],"about":[{"href":"https:\/\/dev.garden.ee\/en\/wp-json\/wp\/v2\/types\/product"}],"wp:featuredmedia":[{"embeddable":true,"href":"https:\/\/dev.garden.ee\/en\/wp-json\/wp\/v2\/media\/1427"}],"wp:attachment":[{"href":"https:\/\/dev.garden.ee\/en\/wp-json\/wp\/v2\/media?parent=1426"}],"wp:term":[{"taxonomy":"product_brand","embeddable":true,"href":"https:\/\/dev.garden.ee\/en\/wp-json\/wp\/v2\/product_brand?post=1426"},{"taxonomy":"product_cat","embeddable":true,"href":"https:\/\/dev.garden.ee\/en\/wp-json\/wp\/v2\/product_cat?post=1426"},{"taxonomy":"product_tag","embeddable":true,"href":"https:\/\/dev.garden.ee\/en\/wp-json\/wp\/v2\/product_tag?post=1426"}],"curies":[{"name":"wp","href":"https:\/\/api.w.org\/{rel}","templated":true}]}}