{"id":14210,"date":"2023-01-19T09:57:52","date_gmt":"2023-01-19T07:57:52","guid":{"rendered":"https:\/\/dev.zezz.ee\/garden\/toode\/geranium-pratense-double-jewel-uus\/"},"modified":"2026-02-24T12:43:47","modified_gmt":"2026-02-24T10:43:47","slug":"geranium-pratense-algera-double-uus","status":"publish","type":"product","link":"https:\/\/dev.garden.ee\/en\/product\/geranium-pratense-algera-double-uus\/","title":{"rendered":"Geranium pratense &#8216;Algera Double&#8217; UUS!"},"content":{"rendered":"<input class=\"fooboxshare_post_id\" type=\"hidden\" value=\"14210\"\/>","protected":false},"excerpt":{"rendered":"<p>Vastupidav ja j\u00f5ulise kasvuga t\u00e4idis\u00f5ieline kurereha sort. Tumeroheline lehestik on tihe ja maadligi hoidev, moodustades roomavaid m\u00e4ttaid, mis suveks kattuvad rohkete valgete \u00f5itega. Kihilistel \u00f5itel on purpurne s\u00fcdamik, mis sordi eriti atraktiivseks teeb. Madala ja kompaktsena ideaalne taim istutusalade servadesse, teede \u00e4\u00e4rtesse.<\/p>","protected":false},"featured_media":25515,"template":"","meta":[],"product_brand":[],"product_cat":[4415,9200,4401,22],"product_tag":[9780],"class_list":{"0":"post-14210","1":"product","2":"type-product","3":"status-publish","4":"has-post-thumbnail","6":"product_cat-lilleaed","7":"product_cat-pinnakatjad","8":"product_cat-pusikud","9":"product_cat-taimed","10":"product_tag-uus","11":"pa_haiguskindlus-vaga-hea","12":"pa_moodud-k-30-45-cm-l-40-50-cm","13":"pa_oie-varv-valge","14":"pa_oitsemise-aeg-juuni-august","15":"pa_talvekindlus-vaga-hea","16":"pa_tsoon-4-8","17":"pa_variatsioon-suurem-pott","18":"pa_variatsioon-vaiksem-pott","20":"first","21":"onbackorder","22":"purchasable","23":"product-type-variable"},"acf":[],"_links":{"self":[{"href":"https:\/\/dev.garden.ee\/en\/wp-json\/wp\/v2\/product\/14210","targetHints":{"allow":["GET"]}}],"collection":[{"href":"https:\/\/dev.garden.ee\/en\/wp-json\/wp\/v2\/product"}],"about":[{"href":"https:\/\/dev.garden.ee\/en\/wp-json\/wp\/v2\/types\/product"}],"wp:featuredmedia":[{"embeddable":true,"href":"https:\/\/dev.garden.ee\/en\/wp-json\/wp\/v2\/media\/25515"}],"wp:attachment":[{"href":"https:\/\/dev.garden.ee\/en\/wp-json\/wp\/v2\/media?parent=14210"}],"wp:term":[{"taxonomy":"product_brand","embeddable":true,"href":"https:\/\/dev.garden.ee\/en\/wp-json\/wp\/v2\/product_brand?post=14210"},{"taxonomy":"product_cat","embeddable":true,"href":"https:\/\/dev.garden.ee\/en\/wp-json\/wp\/v2\/product_cat?post=14210"},{"taxonomy":"product_tag","embeddable":true,"href":"https:\/\/dev.garden.ee\/en\/wp-json\/wp\/v2\/product_tag?post=14210"}],"curies":[{"name":"wp","href":"https:\/\/api.w.org\/{rel}","templated":true}]}}