{"id":1418,"date":"2023-01-18T17:03:23","date_gmt":"2023-01-18T15:03:23","guid":{"rendered":"https:\/\/dev.zezz.ee\/garden\/toode\/deschampsia-cespitosa\/"},"modified":"2026-02-20T21:28:08","modified_gmt":"2026-02-20T19:28:08","slug":"deschampsia-cespitosa","status":"publish","type":"product","link":"https:\/\/dev.garden.ee\/en\/product\/deschampsia-cespitosa\/","title":{"rendered":"Deschampsia cespitosa"},"content":{"rendered":"<input class=\"fooboxshare_post_id\" type=\"hidden\" value=\"1418\"\/>","protected":false},"excerpt":{"rendered":"<p>Kiirekasvuline puhmjas k\u00f5rreline, kaarduva kasvukujuga; karedate peenikeste lehtedega. \u00d5isikud moodustuvad k\u00f5rgele puhma kohale ja p\u00fcsivad pikalt. V\u00e4ga lihtne kasvatada.\u00a0Sobib h\u00e4sti looduslike taimealade sisse, ka lilleaasale.\u00a0Pajuneb lihtsalt. Kui seda ei soovi, tuleks \u00f5isikud enne s\u00fcgist maha l\u00f5igata. M\u00e4tas v\u00f5ib p\u00fcsida pehmematel talvedel pool-igihaljana. Kasvupind v\u00f5iks olla huumuserikas ja koht poolvarjuline. Sobib ideaalselt pinnakatjaks.<\/p>\n<p>Kaaslastena sobivad nt\u00a0<em>Aster cordifolius<\/em>\u00a0&#8216;Little Carlow&#8217;,\u00a0<em>Acanthus spinosus, Salvia nemorosa Rose Queen, Knautia macedonica.<\/em><\/p>","protected":false},"featured_media":1419,"template":"","meta":[],"product_brand":[],"product_cat":[4407,4400,4415,9200,4401,4412,22],"product_tag":[],"class_list":{"0":"post-1418","1":"product","2":"type-product","3":"status-publish","4":"has-post-thumbnail","6":"product_cat-aasad","7":"product_cat-korrelised","8":"product_cat-lilleaed","9":"product_cat-pinnakatjad","10":"product_cat-pusikud","11":"product_cat-varjuaed","12":"product_cat-taimed","13":"pa_haiguskindlus-hea","14":"pa_kasvukorgus-60-90-cm","15":"pa_laius-30-60-cm","16":"pa_lisainfo-hirve-kahjustustele-vastupidav","17":"pa_lisainfo-janese-kahjustustele-vastupidav","18":"pa_lisainfo-sobib-osalise-varjuga-kasvualale","19":"pa_oie-varv-beez","20":"pa_oitsemise-aeg-juuli-august","21":"pa_talvekindlus-vaga-hea","22":"pa_tingimused-parasniiske","23":"pa_tingimused-vaheviljakas","24":"pa_tingimused-viljakas","25":"pa_tsoon-4-9","26":"pa_valguse-tingimused-paike","27":"pa_valguse-tingimused-poolvari","28":"pa_valguse-tingimused-vari","29":"pa_variatsioon-suurem-pott","30":"pa_variatsioon-vaiksem-pott","32":"first","33":"instock","34":"purchasable","35":"product-type-variable"},"acf":[],"_links":{"self":[{"href":"https:\/\/dev.garden.ee\/en\/wp-json\/wp\/v2\/product\/1418","targetHints":{"allow":["GET"]}}],"collection":[{"href":"https:\/\/dev.garden.ee\/en\/wp-json\/wp\/v2\/product"}],"about":[{"href":"https:\/\/dev.garden.ee\/en\/wp-json\/wp\/v2\/types\/product"}],"wp:featuredmedia":[{"embeddable":true,"href":"https:\/\/dev.garden.ee\/en\/wp-json\/wp\/v2\/media\/1419"}],"wp:attachment":[{"href":"https:\/\/dev.garden.ee\/en\/wp-json\/wp\/v2\/media?parent=1418"}],"wp:term":[{"taxonomy":"product_brand","embeddable":true,"href":"https:\/\/dev.garden.ee\/en\/wp-json\/wp\/v2\/product_brand?post=1418"},{"taxonomy":"product_cat","embeddable":true,"href":"https:\/\/dev.garden.ee\/en\/wp-json\/wp\/v2\/product_cat?post=1418"},{"taxonomy":"product_tag","embeddable":true,"href":"https:\/\/dev.garden.ee\/en\/wp-json\/wp\/v2\/product_tag?post=1418"}],"curies":[{"name":"wp","href":"https:\/\/api.w.org\/{rel}","templated":true}]}}