{"id":1408,"date":"2023-01-18T17:03:18","date_gmt":"2023-01-18T15:03:18","guid":{"rendered":"https:\/\/dev.zezz.ee\/garden\/toode\/delphinium-galahad\/"},"modified":"2026-02-20T20:41:40","modified_gmt":"2026-02-20T18:41:40","slug":"delphinium-galahad","status":"publish","type":"product","link":"https:\/\/dev.garden.ee\/en\/product\/delphinium-galahad\/","title":{"rendered":"Delphinium &#8216;Galahad&#8217;"},"content":{"rendered":"<input class=\"fooboxshare_post_id\" type=\"hidden\" value=\"1408\"\/>","protected":false},"excerpt":{"rendered":"<p>Kukekannused on suvise peenra pilkup\u00fc\u00fcdvaimad superstaarid. S\u00fcgavalt l\u00f5hestunud lehestik \u00fcmbritseb pikki varsi, mille tipus siidistest \u00f5itest moodustunud\u00a0pikad \u00f5isikud. Puhasvalged kroonlehted r\u00f5hutavad sordi auv\u00e4\u00e4rikust. Tuhmunud \u00f5isikute eemaldamine \u00e4rgitab taime uueks \u00f5itsemiseks.\u00a0Igal kevadel v\u00f5iks taimele lisada fosforirikast v\u00e4etist. V\u00e4ga kaunis suurema r\u00fchmana, kuid s\u00e4rav ja ergastav lisand ka p\u00fcsikupeenrasse. Sobivad naabrid jaapani ainuroog ja helmikp\u00f6\u00f6rised n\u00e4iteks sama peenra etteossa.\u00a0Ettevaatust, taimeosad on m\u00fcrgised, taimedest v\u00e4ljuv mahl v\u00f5ib tekitada naha\u00e4rritust!<\/p>","protected":false},"featured_media":1409,"template":"","meta":[],"product_brand":[],"product_cat":[4415,4413,4401,22],"product_tag":[],"class_list":{"0":"post-1408","1":"product","2":"type-product","3":"status-publish","4":"has-post-thumbnail","6":"product_cat-lilleaed","7":"product_cat-loikelilleaed","8":"product_cat-pusikud","9":"product_cat-taimed","10":"pa_haiguskindlus-hea","11":"pa_kasvukorgus-120-180-cm","12":"pa_laius-30-60-cm","13":"pa_lisainfo-murgine","14":"pa_lisainfo-sobib-loikelilleks","15":"pa_lisainfo-vajab-tuulte-eest-varju","16":"pa_oie-varv-valge","17":"pa_oitsemise-aeg-juuli-september","18":"pa_talvekindlus-vaga-hea","19":"pa_tingimused-parasniiske","20":"pa_tingimused-viljakas","21":"pa_tsoon-4-9","22":"pa_valguse-tingimused-paike","23":"pa_variatsioon-suurem-pott","24":"pa_variatsioon-vaiksem-pott","26":"first","27":"onbackorder","28":"purchasable","29":"product-type-variable"},"acf":[],"_links":{"self":[{"href":"https:\/\/dev.garden.ee\/en\/wp-json\/wp\/v2\/product\/1408","targetHints":{"allow":["GET"]}}],"collection":[{"href":"https:\/\/dev.garden.ee\/en\/wp-json\/wp\/v2\/product"}],"about":[{"href":"https:\/\/dev.garden.ee\/en\/wp-json\/wp\/v2\/types\/product"}],"wp:featuredmedia":[{"embeddable":true,"href":"https:\/\/dev.garden.ee\/en\/wp-json\/wp\/v2\/media\/1409"}],"wp:attachment":[{"href":"https:\/\/dev.garden.ee\/en\/wp-json\/wp\/v2\/media?parent=1408"}],"wp:term":[{"taxonomy":"product_brand","embeddable":true,"href":"https:\/\/dev.garden.ee\/en\/wp-json\/wp\/v2\/product_brand?post=1408"},{"taxonomy":"product_cat","embeddable":true,"href":"https:\/\/dev.garden.ee\/en\/wp-json\/wp\/v2\/product_cat?post=1408"},{"taxonomy":"product_tag","embeddable":true,"href":"https:\/\/dev.garden.ee\/en\/wp-json\/wp\/v2\/product_tag?post=1408"}],"curies":[{"name":"wp","href":"https:\/\/api.w.org\/{rel}","templated":true}]}}