{"id":1403,"date":"2023-01-18T17:03:15","date_gmt":"2023-01-18T15:03:15","guid":{"rendered":"https:\/\/dev.zezz.ee\/garden\/toode\/delphinium-black-knight\/"},"modified":"2026-02-20T20:49:52","modified_gmt":"2026-02-20T18:49:52","slug":"delphinium-black-knight","status":"publish","type":"product","link":"https:\/\/dev.garden.ee\/en\/product\/delphinium-black-knight\/","title":{"rendered":"Delphinium &#8216;Black Knight&#8217;"},"content":{"rendered":"<input class=\"fooboxshare_post_id\" type=\"hidden\" value=\"1403\"\/>","protected":false},"excerpt":{"rendered":"<p>Kukekannused on \u00fched levinumad lilled aedades. &#8216;Black Knight&#8217; on t\u00e4helepanuv\u00e4\u00e4rne oma imeilusate tumesiniste mustade s\u00fcdamikega \u00f5ite poolest, mis moodustavad s\u00e4ravaid p\u00fcstisi \u00f5isikuid. Parimaks istutuskohaks on peenarde tagumine osa, kus ta annab k\u00f5rgust ja\u00a0 s\u00fcgavust ning muudab seel\u00e4bi taimestuse huvitavamaks. L\u00f5igates \u00e4ra \u00f5itsenud \u00f5isikuvarred, saab taime olemust v\u00e4rskendada ning pikendada \u00f5itseaega. Rammusamat mulda ja p\u00e4ikesepaistelist kasvukohta armastav taim. K\u00f5ik taimeosad on m\u00fcrgised!<\/p>","protected":false},"featured_media":22962,"template":"","meta":[],"product_brand":[],"product_cat":[4415,4413,4401,22],"product_tag":[],"class_list":{"0":"post-1403","1":"product","2":"type-product","3":"status-publish","4":"has-post-thumbnail","6":"product_cat-lilleaed","7":"product_cat-loikelilleaed","8":"product_cat-pusikud","9":"product_cat-taimed","10":"pa_haiguskindlus-hea","11":"pa_kasvukorgus-150-180-cm","12":"pa_laius-60-80-cm","13":"pa_lisainfo-murgine","14":"pa_lisainfo-sobib-loikelilleks","15":"pa_lisainfo-vajab-tuulte-eest-varju","16":"pa_oie-varv-sinine","17":"pa_oitsemise-aeg-juuli","18":"pa_talvekindlus-vaga-hea","19":"pa_tingimused-hea-drenaaz","20":"pa_tingimused-niiske","21":"pa_tingimused-rammus","22":"pa_tsoon-4-9","23":"pa_valguse-tingimused-paike","24":"pa_variatsioon-suurem-pott","25":"pa_variatsioon-vaiksem-pott","27":"first","28":"onbackorder","29":"purchasable","30":"product-type-variable"},"acf":[],"_links":{"self":[{"href":"https:\/\/dev.garden.ee\/en\/wp-json\/wp\/v2\/product\/1403","targetHints":{"allow":["GET"]}}],"collection":[{"href":"https:\/\/dev.garden.ee\/en\/wp-json\/wp\/v2\/product"}],"about":[{"href":"https:\/\/dev.garden.ee\/en\/wp-json\/wp\/v2\/types\/product"}],"wp:featuredmedia":[{"embeddable":true,"href":"https:\/\/dev.garden.ee\/en\/wp-json\/wp\/v2\/media\/22962"}],"wp:attachment":[{"href":"https:\/\/dev.garden.ee\/en\/wp-json\/wp\/v2\/media?parent=1403"}],"wp:term":[{"taxonomy":"product_brand","embeddable":true,"href":"https:\/\/dev.garden.ee\/en\/wp-json\/wp\/v2\/product_brand?post=1403"},{"taxonomy":"product_cat","embeddable":true,"href":"https:\/\/dev.garden.ee\/en\/wp-json\/wp\/v2\/product_cat?post=1403"},{"taxonomy":"product_tag","embeddable":true,"href":"https:\/\/dev.garden.ee\/en\/wp-json\/wp\/v2\/product_tag?post=1403"}],"curies":[{"name":"wp","href":"https:\/\/api.w.org\/{rel}","templated":true}]}}