{"id":1395,"date":"2023-01-18T17:03:10","date_gmt":"2023-01-18T15:03:10","guid":{"rendered":"https:\/\/dev.zezz.ee\/garden\/toode\/dryopteris-affinis\/"},"modified":"2026-02-22T12:24:17","modified_gmt":"2026-02-22T10:24:17","slug":"dryopteris-affinis","status":"publish","type":"product","link":"https:\/\/dev.garden.ee\/en\/product\/dryopteris-affinis\/","title":{"rendered":"Dryopteris affinis"},"content":{"rendered":"<input class=\"fooboxshare_post_id\" type=\"hidden\" value=\"1395\"\/>","protected":false},"excerpt":{"rendered":"<p>Pooligihaljas s\u00f5najalg, mille noored lehed on ere kollakasrohelised, aja jooksul muutuvad need aga s\u00fcgavroheliseks, millel s\u00e4ilib kuldne varjund. Armastab varjulisemat kasvukohta ning n\u00f5rgalt happelist, niiskemapoolset mulda. Taim on risoomika juurega, kuid mitte eriti kiire levikuga. V\u00e4ga kaunis taim istutusaladele, k\u00f5rgemate okaspuude ja p\u00f5\u00f5saste k\u00f5rvale v\u00f5i lausa pinnakatteks.\u00a0Award of Garden Merit.<\/p>","protected":false},"featured_media":1396,"template":"","meta":[],"product_brand":[],"product_cat":[4406,4401,4399,4412,22],"product_tag":[9209],"class_list":{"0":"post-1395","1":"product","2":"type-product","3":"status-publish","4":"has-post-thumbnail","6":"product_cat-park","7":"product_cat-pusikud","8":"product_cat-sonajalad","9":"product_cat-varjuaed","10":"product_cat-taimed","11":"product_tag-rhs-award-of-garden-merit","12":"pa_haiguskindlus-vaga-hea","13":"pa_kasvukorgus-70-100-cm","14":"pa_laius-60-cm","15":"pa_lisainfo-dekoratiivne-lehestik","16":"pa_lisainfo-sobib-osalise-varjuga-kasvualale","17":"pa_talvekindlus-vaga-hea","18":"pa_tingimused-hea-drenaaz","19":"pa_tingimused-kergelt-happeline","20":"pa_tingimused-niiske","21":"pa_tsoon-4-9","22":"pa_valguse-tingimused-poolvari","23":"pa_valguse-tingimused-vari","24":"pa_variatsioon-suurem-pott","25":"pa_variatsioon-vaiksem-pott","27":"first","28":"instock","29":"purchasable","30":"product-type-variable"},"acf":[],"_links":{"self":[{"href":"https:\/\/dev.garden.ee\/en\/wp-json\/wp\/v2\/product\/1395","targetHints":{"allow":["GET"]}}],"collection":[{"href":"https:\/\/dev.garden.ee\/en\/wp-json\/wp\/v2\/product"}],"about":[{"href":"https:\/\/dev.garden.ee\/en\/wp-json\/wp\/v2\/types\/product"}],"wp:featuredmedia":[{"embeddable":true,"href":"https:\/\/dev.garden.ee\/en\/wp-json\/wp\/v2\/media\/1396"}],"wp:attachment":[{"href":"https:\/\/dev.garden.ee\/en\/wp-json\/wp\/v2\/media?parent=1395"}],"wp:term":[{"taxonomy":"product_brand","embeddable":true,"href":"https:\/\/dev.garden.ee\/en\/wp-json\/wp\/v2\/product_brand?post=1395"},{"taxonomy":"product_cat","embeddable":true,"href":"https:\/\/dev.garden.ee\/en\/wp-json\/wp\/v2\/product_cat?post=1395"},{"taxonomy":"product_tag","embeddable":true,"href":"https:\/\/dev.garden.ee\/en\/wp-json\/wp\/v2\/product_tag?post=1395"}],"curies":[{"name":"wp","href":"https:\/\/api.w.org\/{rel}","templated":true}]}}