{"id":1387,"date":"2023-01-18T17:03:04","date_gmt":"2023-01-18T15:03:04","guid":{"rendered":"https:\/\/dev.zezz.ee\/garden\/toode\/epimedium-x-rubrum\/"},"modified":"2026-02-23T15:55:52","modified_gmt":"2026-02-23T13:55:52","slug":"epimedium-x-rubrum","status":"publish","type":"product","link":"https:\/\/dev.garden.ee\/en\/product\/epimedium-x-rubrum\/","title":{"rendered":"Epimedium \u00d7 rubrum"},"content":{"rendered":"<input class=\"fooboxshare_post_id\" type=\"hidden\" value=\"1387\"\/>","protected":false},"excerpt":{"rendered":"<p>Hea pinnakattetaim n\u00e4iteks\u00a0puude ning p\u00f5\u00f5saste alla. Risoomikate juurtega, suhteliselt aeglase kasvuga, aga v\u00e4rvik\u00fcllase lehestikuga. Noored lehed on punased, s\u00fcgise saabudes muutuvad need aga punakaspruunideks. Punakad \u00f5ied ilmuvad kevadel lehepuhmiku vahelt. Armastab kuivemapoolset mulda, varjulisemat kasvukohta. Metsa-aedadesse, loodusaedadesse, parkidesse. Suurep\u00e4rane pinnakattetaim, kes v\u00e4\u00e4rib suuremat t\u00e4helepanu ja kes vajab minimaalset hoolitsust.<\/p>","protected":false},"featured_media":1388,"template":"","meta":[],"product_brand":[],"product_cat":[4406,9200,4401,4412,22],"product_tag":[],"class_list":{"0":"post-1387","1":"product","2":"type-product","3":"status-publish","4":"has-post-thumbnail","6":"product_cat-park","7":"product_cat-pinnakatjad","8":"product_cat-pusikud","9":"product_cat-varjuaed","10":"product_cat-taimed","11":"pa_haiguskindlus-vaga-hea","12":"pa_kasvukorgus-30-cm","13":"pa_laius-30-cm","14":"pa_lisainfo-hea-pinnakatja","15":"pa_lisainfo-sobib-osalise-varjuga-kasvualale","16":"pa_lisainfo-talub-juurekonkurentsi","17":"pa_lisainfo-talub-kuiva-varjulisemat-kasvukohta","18":"pa_oie-varv-punane","19":"pa_oitsemise-aeg-aprill-mai","20":"pa_talvekindlus-hea","21":"pa_tingimused-kuivema-poolsem","22":"pa_tingimused-parasniiske","23":"pa_tsoon-5-9","24":"pa_valguse-tingimused-poolvari","25":"pa_valguse-tingimused-vari","26":"pa_variatsioon-suurem-pott","27":"pa_variatsioon-vaiksem-pott","29":"first","30":"instock","31":"purchasable","32":"product-type-variable"},"acf":[],"_links":{"self":[{"href":"https:\/\/dev.garden.ee\/en\/wp-json\/wp\/v2\/product\/1387","targetHints":{"allow":["GET"]}}],"collection":[{"href":"https:\/\/dev.garden.ee\/en\/wp-json\/wp\/v2\/product"}],"about":[{"href":"https:\/\/dev.garden.ee\/en\/wp-json\/wp\/v2\/types\/product"}],"wp:featuredmedia":[{"embeddable":true,"href":"https:\/\/dev.garden.ee\/en\/wp-json\/wp\/v2\/media\/1388"}],"wp:attachment":[{"href":"https:\/\/dev.garden.ee\/en\/wp-json\/wp\/v2\/media?parent=1387"}],"wp:term":[{"taxonomy":"product_brand","embeddable":true,"href":"https:\/\/dev.garden.ee\/en\/wp-json\/wp\/v2\/product_brand?post=1387"},{"taxonomy":"product_cat","embeddable":true,"href":"https:\/\/dev.garden.ee\/en\/wp-json\/wp\/v2\/product_cat?post=1387"},{"taxonomy":"product_tag","embeddable":true,"href":"https:\/\/dev.garden.ee\/en\/wp-json\/wp\/v2\/product_tag?post=1387"}],"curies":[{"name":"wp","href":"https:\/\/api.w.org\/{rel}","templated":true}]}}