{"id":13847,"date":"2023-01-18T19:03:53","date_gmt":"2023-01-18T17:03:53","guid":{"rendered":"https:\/\/dev.zezz.ee\/garden\/toode\/lilium-van-veen-uus\/"},"modified":"2026-01-16T11:53:54","modified_gmt":"2026-01-16T09:53:54","slug":"lilium-van-veen-uus","status":"publish","type":"product","link":"https:\/\/dev.garden.ee\/en\/product\/lilium-van-veen-uus\/","title":{"rendered":"Lilium &#8216;Van Veen&#8217;"},"content":{"rendered":"<input class=\"fooboxshare_post_id\" type=\"hidden\" value=\"13847\"\/>","protected":false},"excerpt":{"rendered":"<p>Laiema roosaka \u00e4\u00e4ristusega valged \u00fcles vaatavad \u00f5ied. Madalakasvuline idah\u00fcbriid liilia eelistab p\u00e4ikeselist tuulte eest varjatud kasvukohta.<\/p>\n<p>Sibula suurus 12\/14.<\/p>","protected":false},"featured_media":0,"template":"","meta":[],"product_brand":[],"product_cat":[4403,4415,4413,4401,4391,22],"product_tag":[9417],"class_list":{"0":"post-13847","1":"product","2":"type-product","3":"status-publish","5":"product_cat-kodu","6":"product_cat-lilleaed","7":"product_cat-loikelilleaed","8":"product_cat-pusikud","9":"product_cat-sibullilled","10":"product_cat-taimed","11":"product_tag-soodushind-50","12":"pa_lohn-lohnav","13":"pa_moodud-k-60-cm-l-15-cm","14":"pa_oie-varv-roosa","15":"pa_oitsemise-aeg-juuni-juuli","16":"pa_talvekindlus-vaga-hea","17":"pa_variatsioon-sibul-ainult-kevadel","18":"pa_variatsioon-suurem-pott","20":"first","21":"instock","22":"sale","23":"purchasable","24":"product-type-variable"},"acf":[],"_links":{"self":[{"href":"https:\/\/dev.garden.ee\/en\/wp-json\/wp\/v2\/product\/13847","targetHints":{"allow":["GET"]}}],"collection":[{"href":"https:\/\/dev.garden.ee\/en\/wp-json\/wp\/v2\/product"}],"about":[{"href":"https:\/\/dev.garden.ee\/en\/wp-json\/wp\/v2\/types\/product"}],"wp:attachment":[{"href":"https:\/\/dev.garden.ee\/en\/wp-json\/wp\/v2\/media?parent=13847"}],"wp:term":[{"taxonomy":"product_brand","embeddable":true,"href":"https:\/\/dev.garden.ee\/en\/wp-json\/wp\/v2\/product_brand?post=13847"},{"taxonomy":"product_cat","embeddable":true,"href":"https:\/\/dev.garden.ee\/en\/wp-json\/wp\/v2\/product_cat?post=13847"},{"taxonomy":"product_tag","embeddable":true,"href":"https:\/\/dev.garden.ee\/en\/wp-json\/wp\/v2\/product_tag?post=13847"}],"curies":[{"name":"wp","href":"https:\/\/api.w.org\/{rel}","templated":true}]}}