{"id":1378,"date":"2023-01-18T17:02:58","date_gmt":"2023-01-18T15:02:58","guid":{"rendered":"https:\/\/dev.zezz.ee\/garden\/toode\/epimedium-grandiflorum-lilafee\/"},"modified":"2026-02-23T18:26:30","modified_gmt":"2026-02-23T16:26:30","slug":"epimedium-grandiflorum-lilafee","status":"publish","type":"product","link":"https:\/\/dev.garden.ee\/en\/product\/epimedium-grandiflorum-lilafee\/","title":{"rendered":"Epimedium grandiflorum &#8216;Lilafee&#8217;"},"content":{"rendered":"<input class=\"fooboxshare_post_id\" type=\"hidden\" value=\"1378\"\/>","protected":false},"excerpt":{"rendered":"<p>Enamik epimeediume saab t\u00e4helepanu just nende p\u00f5nevalt muutuva lehestiku t\u00f5ttu. Sort &#8216;Lilafee&#8217; puhul, mida kutsutakse &#8216;Lilac Fairy&#8217;ks, p\u00e4lvivad aga t\u00e4helepanu ka m\u00f5jukad lavendlilillad \u00f5ied. Orhideesarnased \u00f5ied on t\u00f5eline vaatamisv\u00e4\u00e4rsus, kuid lehestik on kaunis l\u00e4bi aasta. Esimesed kevadised lehed on pronksjaspurpursed, suvel muutuvad need rohelisteks ning s\u00fcgisel kaunilt punasteks. Antud sort on t\u00f5eliselt rabav taim just varjuaeda, n\u00e4iteks jalgteede \u00e4\u00e4ristuses. V\u00e4ga eriline taim kiviktaimlasse, alpiaeda, kergelt varjulisse kohta, n\u00e4iteks madalakasvulistele hostadele naabriks.<\/p>\n<p>Hooldus:\u00a0Taime on v\u00e4ga lihtne kasvatada. Hilistalvel tuleks kogu allesj\u00e4\u00e4nud kuivanud lehestik maha l\u00f5igata, et teha ruumi uutele kevadistele kasvudele.<\/p>","protected":false},"featured_media":25466,"template":"","meta":[],"product_brand":[],"product_cat":[4406,9200,4401,4412,22],"product_tag":[],"class_list":{"0":"post-1378","1":"product","2":"type-product","3":"status-publish","4":"has-post-thumbnail","6":"product_cat-park","7":"product_cat-pinnakatjad","8":"product_cat-pusikud","9":"product_cat-varjuaed","10":"product_cat-taimed","11":"pa_haiguskindlus-vaga-hea","12":"pa_kasvukorgus-20-30-cm","13":"pa_laius-30-cm","14":"pa_lisainfo-hea-pinnakatja","15":"pa_lisainfo-sobib-osalise-varjuga-kasvualale","16":"pa_lisainfo-talub-kuiva-varjulisemat-kasvukohta","17":"pa_oie-varv-lilla","18":"pa_oitsemise-aeg-aprill-mai","19":"pa_talvekindlus-vaga-hea","20":"pa_tingimused-parasniiske","21":"pa_tsoon-4-8","22":"pa_valguse-tingimused-poolvari","23":"pa_valguse-tingimused-vari","24":"pa_variatsioon-suurem-pott","25":"pa_variatsioon-vaiksem-pott","27":"first","28":"instock","29":"purchasable","30":"product-type-variable"},"acf":[],"_links":{"self":[{"href":"https:\/\/dev.garden.ee\/en\/wp-json\/wp\/v2\/product\/1378","targetHints":{"allow":["GET"]}}],"collection":[{"href":"https:\/\/dev.garden.ee\/en\/wp-json\/wp\/v2\/product"}],"about":[{"href":"https:\/\/dev.garden.ee\/en\/wp-json\/wp\/v2\/types\/product"}],"wp:featuredmedia":[{"embeddable":true,"href":"https:\/\/dev.garden.ee\/en\/wp-json\/wp\/v2\/media\/25466"}],"wp:attachment":[{"href":"https:\/\/dev.garden.ee\/en\/wp-json\/wp\/v2\/media?parent=1378"}],"wp:term":[{"taxonomy":"product_brand","embeddable":true,"href":"https:\/\/dev.garden.ee\/en\/wp-json\/wp\/v2\/product_brand?post=1378"},{"taxonomy":"product_cat","embeddable":true,"href":"https:\/\/dev.garden.ee\/en\/wp-json\/wp\/v2\/product_cat?post=1378"},{"taxonomy":"product_tag","embeddable":true,"href":"https:\/\/dev.garden.ee\/en\/wp-json\/wp\/v2\/product_tag?post=1378"}],"curies":[{"name":"wp","href":"https:\/\/api.w.org\/{rel}","templated":true}]}}