{"id":1373,"date":"2023-01-18T17:02:55","date_gmt":"2023-01-18T15:02:55","guid":{"rendered":"https:\/\/dev.zezz.ee\/garden\/toode\/echinops-ritro-veitchs-blue\/"},"modified":"2026-02-23T14:30:03","modified_gmt":"2026-02-23T12:30:03","slug":"echinops-ritro-veitchs-blue","status":"publish","type":"product","link":"https:\/\/dev.garden.ee\/en\/product\/echinops-ritro-veitchs-blue\/","title":{"rendered":"Echinops ritro &#8216;Veitch&#8217;s Blue&#8217;"},"content":{"rendered":"<input class=\"fooboxshare_post_id\" type=\"hidden\" value=\"1373\"\/>","protected":false},"excerpt":{"rendered":"<p>Puhma moodustaval taimel on silmapaistvad golfipalli suurused, pisikestest sinistest \u00f5itest koosnevad \u00f5isikud. V\u00e4hen\u00f5udlik taim toob p\u00f5nevust igasse p\u00e4ikselisse peenrasse. Nimelt enne \u00f5isikute valmimist pakuvad huvi tema ise\u00e4ralikud lehed, mis n\u00e4evad v\u00e4lja nagu ohakal. Valminud \u00f5isikud on aga vastupandamatud liblikatele ning mesilastele. Omap\u00e4rased sinised \u00f5iepallid annavad taimele suursuguselt arhitektuurse v\u00e4\u00e4rtuse. Suurep\u00e4raselt sobib kokku istutada teiste hiliste \u00f5itsejatega nagu siilk\u00fcbarad v\u00f5i hoopiski k\u00f5rrelised.<\/p>\n<p>RHSi poolt on taim tunnustatud Award of Garden Meritiga.<\/p>","protected":false},"featured_media":22939,"template":"","meta":[],"product_brand":[],"product_cat":[4415,4413,6934,4401,22],"product_tag":[9209],"class_list":{"0":"post-1373","1":"product","2":"type-product","3":"status-publish","4":"has-post-thumbnail","6":"product_cat-lilleaed","7":"product_cat-loikelilleaed","8":"product_cat-mesilassobralik-aed","9":"product_cat-pusikud","10":"product_cat-taimed","11":"product_tag-rhs-award-of-garden-merit","12":"pa_haiguskindlus-vaga-hea","13":"pa_kasvukorgus-70-cm","14":"pa_laius-45-cm","15":"pa_lisainfo-janese-kahjustustele-vastupidav","16":"pa_lisainfo-mesilaste-lemmik","17":"pa_lisainfo-sobib-loikelilleks","18":"pa_oie-varv-sinine","19":"pa_oitsemise-aeg-juuli-september","20":"pa_talvekindlus-vaga-hea","21":"pa_tingimused-hea-drenaaz","22":"pa_tsoon-3-8","23":"pa_valguse-tingimused-paike","24":"pa_variatsioon-suurem-pott","25":"pa_variatsioon-vaiksem-pott","27":"first","28":"instock","29":"purchasable","30":"product-type-variable"},"acf":[],"_links":{"self":[{"href":"https:\/\/dev.garden.ee\/en\/wp-json\/wp\/v2\/product\/1373","targetHints":{"allow":["GET"]}}],"collection":[{"href":"https:\/\/dev.garden.ee\/en\/wp-json\/wp\/v2\/product"}],"about":[{"href":"https:\/\/dev.garden.ee\/en\/wp-json\/wp\/v2\/types\/product"}],"wp:featuredmedia":[{"embeddable":true,"href":"https:\/\/dev.garden.ee\/en\/wp-json\/wp\/v2\/media\/22939"}],"wp:attachment":[{"href":"https:\/\/dev.garden.ee\/en\/wp-json\/wp\/v2\/media?parent=1373"}],"wp:term":[{"taxonomy":"product_brand","embeddable":true,"href":"https:\/\/dev.garden.ee\/en\/wp-json\/wp\/v2\/product_brand?post=1373"},{"taxonomy":"product_cat","embeddable":true,"href":"https:\/\/dev.garden.ee\/en\/wp-json\/wp\/v2\/product_cat?post=1373"},{"taxonomy":"product_tag","embeddable":true,"href":"https:\/\/dev.garden.ee\/en\/wp-json\/wp\/v2\/product_tag?post=1373"}],"curies":[{"name":"wp","href":"https:\/\/api.w.org\/{rel}","templated":true}]}}