{"id":13726,"date":"2023-01-18T19:02:43","date_gmt":"2023-01-18T17:02:43","guid":{"rendered":"https:\/\/dev.zezz.ee\/garden\/toode\/heuchera-hybrida-milan-uus\/"},"modified":"2026-02-25T19:54:02","modified_gmt":"2026-02-25T17:54:02","slug":"heuchera-hybrida-milan","status":"publish","type":"product","link":"https:\/\/dev.garden.ee\/en\/product\/heuchera-hybrida-milan\/","title":{"rendered":"Heuchera &#8216;Milan&#8217;"},"content":{"rendered":"<input class=\"fooboxshare_post_id\" type=\"hidden\" value=\"13726\"\/>","protected":false},"excerpt":{"rendered":"<p>Silmatorkavalt kaunis h\u00f5bejas-lillade lehtedega helmikp\u00f6\u00f6ris \u2018Milan\u2019 moodustab kuni 25cm k\u00f5rguse n\u00e4gusa lopsaka puhma. Varasuvel moodustuvad lehestiku kohale 10cm k\u00f5rgemad roosakaslillad \u00f5hulised \u00f5ievarred, millele kinnituvad v\u00e4ikesed korallroosad kellukakujulised \u00f5ied ning taim \u00f5itseb kuni septembrini.<\/p>\n<p>Helmikp\u00f6\u00f6risele meeldib hea drenaa\u017eiga huumusrikas parasniiske muld nii p\u00e4ikese k\u00e4es kui ka poolvarjus, kuid p\u00e4ikseline kasvukoht tagab lehestiku erksaimad v\u00e4rvitoonid.<\/p>\n<p>Dekoratiivne ja pilkup\u00fc\u00fcdev \u2018Milan\u2019 lisab r\u00f5\u00f5msaid v\u00e4rvilaike grupiti kui ka massistutuses ning teda v\u00f5ib kasvatada \u00fchtviisi edukalt nii p\u00fcsikupeenardes kui ka istutuskastides.<\/p>","protected":false},"featured_media":13727,"template":"","meta":[],"product_brand":[],"product_cat":[4415,4413,4406,9200,4401,4412,22],"product_tag":[],"class_list":{"0":"post-13726","1":"product","2":"type-product","3":"status-publish","4":"has-post-thumbnail","6":"product_cat-lilleaed","7":"product_cat-loikelilleaed","8":"product_cat-park","9":"product_cat-pinnakatjad","10":"product_cat-pusikud","11":"product_cat-varjuaed","12":"product_cat-taimed","13":"pa_kasvukorgus-25-35-cm-2","14":"pa_laius-45-cm","15":"pa_lisainfo-sobilik-istutuskasti-jaoks","16":"pa_lisainfo-sobib-osalise-varjuga-kasvualale","17":"pa_oie-varv-roosa","18":"pa_oitsemise-aeg-juuni-september","19":"pa_tingimused-hea-drenaaz","20":"pa_tingimused-huumusrikas","21":"pa_tingimused-parasniiske","22":"pa_tsoon-4-9","23":"pa_valguse-tingimused-paike","24":"pa_valguse-tingimused-poolvari","25":"pa_variatsioon-suurem-pott","26":"pa_variatsioon-vaiksem-pott","28":"first","29":"instock","30":"purchasable","31":"product-type-variable"},"acf":[],"_links":{"self":[{"href":"https:\/\/dev.garden.ee\/en\/wp-json\/wp\/v2\/product\/13726","targetHints":{"allow":["GET"]}}],"collection":[{"href":"https:\/\/dev.garden.ee\/en\/wp-json\/wp\/v2\/product"}],"about":[{"href":"https:\/\/dev.garden.ee\/en\/wp-json\/wp\/v2\/types\/product"}],"wp:featuredmedia":[{"embeddable":true,"href":"https:\/\/dev.garden.ee\/en\/wp-json\/wp\/v2\/media\/13727"}],"wp:attachment":[{"href":"https:\/\/dev.garden.ee\/en\/wp-json\/wp\/v2\/media?parent=13726"}],"wp:term":[{"taxonomy":"product_brand","embeddable":true,"href":"https:\/\/dev.garden.ee\/en\/wp-json\/wp\/v2\/product_brand?post=13726"},{"taxonomy":"product_cat","embeddable":true,"href":"https:\/\/dev.garden.ee\/en\/wp-json\/wp\/v2\/product_cat?post=13726"},{"taxonomy":"product_tag","embeddable":true,"href":"https:\/\/dev.garden.ee\/en\/wp-json\/wp\/v2\/product_tag?post=13726"}],"curies":[{"name":"wp","href":"https:\/\/api.w.org\/{rel}","templated":true}]}}