{"id":13723,"date":"2023-01-18T19:02:41","date_gmt":"2023-01-18T17:02:41","guid":{"rendered":"https:\/\/dev.zezz.ee\/garden\/toode\/paeonia-itoh-cora-louise-uus\/"},"modified":"2026-03-05T11:01:02","modified_gmt":"2026-03-05T09:01:02","slug":"paeonia-itoh-cora-louise","status":"publish","type":"product","link":"https:\/\/dev.garden.ee\/en\/product\/paeonia-itoh-cora-louise\/","title":{"rendered":"Paeonia itoh &#8216;Cora Louise&#8217;"},"content":{"rendered":"<input class=\"fooboxshare_post_id\" type=\"hidden\" value=\"13723\"\/>","protected":false},"excerpt":{"rendered":"<p>Imep\u00e4rane sort, millel hiiglaslikud (20cm) poolt\u00e4idis\u00f5ied. Puhasvalged \u00f5ied paljastavad avanedes kuldsete tolmukatega punetavpurpurse s\u00fcdamiku, millest eraldub suurep\u00e4rast v\u00e4rsket l\u00f5hna. V\u00e4ga rikkalik \u00f5itseja! Kuigi kantav \u00f5iekuhi on t\u00f5esti k\u00fclluslik on varred tugevad ega vaja toestamist. Suurep\u00e4rane ka vaasi, kuna \u00f5ied p\u00fcsivad v\u00e4rsketena lausa \u00fcle n\u00e4dala. Tumeroheline l\u00e4ikiv lehestik p\u00fcsib dekoratiivsena terve hooaja v\u00e4ltel.<\/p>\n<p>Itoh-h\u00fcbriidid on saadud puis- ning rohtsete pojengide ristamisel. Tegemist on pigem uue aretussuunaga, milles esimesed edukad sammud tehti alles 1948. aastal. H\u00fcbriidide nimetus tuleneb Jaapani h\u00fcbriidiaretaja hr Toichi Itohi j\u00e4rgi, kes l\u00f5i esimese sellelaadse ristandi. Saadud h\u00fcbriidvorm on tunduvalt vastupidavam erinevatele haigustele ning m\u00e4rgatavalt pikema \u00f5itsemisperioodiga, mille tingib v\u00f5ime luua lisapungi. Taimede madalam ning kompaktsem vorm koos tugevate vartega aitab kanda lausa kuni 30 \u00f5it. Kui v\u00f5imaldada taimele sobivad kasvutingimused, siis on tegemist v\u00e4ga lihtsasti kasvatava taimega. Istutamisel tuleks aga j\u00e4lgida, et taim saaks \u00f5igele k\u00f5rgusele istutatud mitte liiga s\u00fcgavale. Liiga s\u00fcgavale istustatud sordid ei pruugi \u00f5itseda.<\/p>","protected":false},"featured_media":13724,"template":"","meta":[],"product_brand":[],"product_cat":[4415,4414,4413,6934,4401,22],"product_tag":[],"class_list":{"0":"post-13723","1":"product","2":"type-product","3":"status-publish","4":"has-post-thumbnail","6":"product_cat-lilleaed","7":"product_cat-lohnaaed","8":"product_cat-loikelilleaed","9":"product_cat-mesilassobralik-aed","10":"product_cat-pusikud","11":"product_cat-taimed","12":"pa_haiguskindlus-vaga-hea","13":"pa_lohn-lohnav","14":"pa_moodud-k-80-cm-l-100-cm","15":"pa_oie-varv-valge","16":"pa_oitsemise-aeg-juuni","17":"pa_talvekindlus-vaga-hea","18":"pa_variatsioon-suurem-pott","19":"pa_variatsioon-vaiksem-pott","21":"first","22":"onbackorder","23":"purchasable","24":"product-type-variable"},"acf":[],"_links":{"self":[{"href":"https:\/\/dev.garden.ee\/en\/wp-json\/wp\/v2\/product\/13723","targetHints":{"allow":["GET"]}}],"collection":[{"href":"https:\/\/dev.garden.ee\/en\/wp-json\/wp\/v2\/product"}],"about":[{"href":"https:\/\/dev.garden.ee\/en\/wp-json\/wp\/v2\/types\/product"}],"wp:featuredmedia":[{"embeddable":true,"href":"https:\/\/dev.garden.ee\/en\/wp-json\/wp\/v2\/media\/13724"}],"wp:attachment":[{"href":"https:\/\/dev.garden.ee\/en\/wp-json\/wp\/v2\/media?parent=13723"}],"wp:term":[{"taxonomy":"product_brand","embeddable":true,"href":"https:\/\/dev.garden.ee\/en\/wp-json\/wp\/v2\/product_brand?post=13723"},{"taxonomy":"product_cat","embeddable":true,"href":"https:\/\/dev.garden.ee\/en\/wp-json\/wp\/v2\/product_cat?post=13723"},{"taxonomy":"product_tag","embeddable":true,"href":"https:\/\/dev.garden.ee\/en\/wp-json\/wp\/v2\/product_tag?post=13723"}],"curies":[{"name":"wp","href":"https:\/\/api.w.org\/{rel}","templated":true}]}}