{"id":13712,"date":"2023-01-18T19:02:33","date_gmt":"2023-01-18T17:02:33","guid":{"rendered":"https:\/\/dev.zezz.ee\/garden\/toode\/dicentra-spectabilis-cupid-uus\/"},"modified":"2026-02-21T20:36:45","modified_gmt":"2026-02-21T18:36:45","slug":"dicentra-spectabilis-cupid","status":"publish","type":"product","link":"https:\/\/dev.garden.ee\/en\/product\/dicentra-spectabilis-cupid\/","title":{"rendered":"Dicentra spectabilis &#8216;Cupid&#8217;"},"content":{"rendered":"<input class=\"fooboxshare_post_id\" type=\"hidden\" value=\"13712\"\/>","protected":false},"excerpt":{"rendered":"<p>Delikaatsed, \u00f5rnroosad rippuvad \u00f5ied k\u00f5rguvad hallikasroheliste lehtede kohal. Kompaktne ja pikalt\u00f5itsev, pikaajaline meelistaim t\u00e4nu omap\u00e4rasele s\u00fcdamekujulisele \u00f5iele. \u00d5itsenud \u00f5ite eemaldamine soodustab uuesti \u00f5itsemist. Sobib konteineritesse.<\/p>","protected":false},"featured_media":23454,"template":"","meta":[],"product_brand":[],"product_cat":[4406,4401,4412,22],"product_tag":[],"class_list":{"0":"post-13712","1":"product","2":"type-product","3":"status-publish","4":"has-post-thumbnail","6":"product_cat-park","7":"product_cat-pusikud","8":"product_cat-varjuaed","9":"product_cat-taimed","10":"pa_haiguskindlus-vaga-hea","11":"pa_kasvukorgus-60-90-cm","12":"pa_laius-30-60-cm","13":"pa_lehestikuvarv-hallikasroheline","14":"pa_lisainfo-pilgupuudja","15":"pa_lisainfo-sobilik-istutuskasti-jaoks","16":"pa_lisainfo-sobib-osalise-varjuga-kasvualale","17":"pa_oie-varv-roosa","18":"pa_oitsemise-aeg-mai-juuli","19":"pa_talvekindlus-vaga-hea","20":"pa_tingimused-koik-mullatuubid","21":"pa_tingimused-niiske","22":"pa_tingimused-parasniiske","23":"pa_tsoon-3-9","24":"pa_valguse-tingimused-paike","25":"pa_valguse-tingimused-poolvari","26":"pa_variatsioon-suurem-pott","27":"pa_variatsioon-vaiksem-pott","29":"first","30":"onbackorder","31":"purchasable","32":"product-type-variable"},"acf":[],"_links":{"self":[{"href":"https:\/\/dev.garden.ee\/en\/wp-json\/wp\/v2\/product\/13712","targetHints":{"allow":["GET"]}}],"collection":[{"href":"https:\/\/dev.garden.ee\/en\/wp-json\/wp\/v2\/product"}],"about":[{"href":"https:\/\/dev.garden.ee\/en\/wp-json\/wp\/v2\/types\/product"}],"wp:featuredmedia":[{"embeddable":true,"href":"https:\/\/dev.garden.ee\/en\/wp-json\/wp\/v2\/media\/23454"}],"wp:attachment":[{"href":"https:\/\/dev.garden.ee\/en\/wp-json\/wp\/v2\/media?parent=13712"}],"wp:term":[{"taxonomy":"product_brand","embeddable":true,"href":"https:\/\/dev.garden.ee\/en\/wp-json\/wp\/v2\/product_brand?post=13712"},{"taxonomy":"product_cat","embeddable":true,"href":"https:\/\/dev.garden.ee\/en\/wp-json\/wp\/v2\/product_cat?post=13712"},{"taxonomy":"product_tag","embeddable":true,"href":"https:\/\/dev.garden.ee\/en\/wp-json\/wp\/v2\/product_tag?post=13712"}],"curies":[{"name":"wp","href":"https:\/\/api.w.org\/{rel}","templated":true}]}}