{"id":1369,"date":"2023-01-18T17:02:52","date_gmt":"2023-01-18T15:02:52","guid":{"rendered":"https:\/\/dev.zezz.ee\/garden\/toode\/echinacea-purpurea-vintage-wine\/"},"modified":"2026-02-23T13:44:47","modified_gmt":"2026-02-23T11:44:47","slug":"echinacea-purpurea-vintage-wine","status":"publish","type":"product","link":"https:\/\/dev.garden.ee\/en\/product\/echinacea-purpurea-vintage-wine\/","title":{"rendered":"Echinacea purpurea &#8216;Vintage Wine&#8217;"},"content":{"rendered":"<input class=\"fooboxshare_post_id\" type=\"hidden\" value=\"1369\"\/>","protected":false},"excerpt":{"rendered":"<p>Taim moodustab tugeva ja p\u00fcstise p\u00f5\u00f5sa. Punase s\u00fcdamikuga, purpursed, karikakra sarnased \u00f5ied- need meelitavad oma \u00f5rna magusa aroomiga. Kroonlehed on \u00f5ies\u00fcdamikust t\u00e4pselt horisontaalselt v\u00e4lja sirutunud, need on l\u00fchikesed ja k\u00f5vasti \u00f5iele kinnitunud. \u00d5itsemisperioodi saab pikendada, kui regulaarselt l\u00f5igata \u00e4ra vanad \u00f5ied. Vanu \u00f5isi saab edukalt kasutada kuivatatult lilleseadetes. Ideaalne massina taustataimeks, segapeenardesse r\u00fchmadena, aga kindlasti p\u00e4ikeselisse kasvukohta. V\u00e4rsked \u00f5ied on vaasis ilusad ja p\u00fcsivad kaua. T\u00f5eline liblikate meelitaja!<\/p>","protected":false},"featured_media":1370,"template":"","meta":[],"product_brand":[],"product_cat":[4415,4413,6934,4401,22],"product_tag":[],"class_list":{"0":"post-1369","1":"product","2":"type-product","3":"status-publish","4":"has-post-thumbnail","6":"product_cat-lilleaed","7":"product_cat-loikelilleaed","8":"product_cat-mesilassobralik-aed","9":"product_cat-pusikud","10":"product_cat-taimed","11":"pa_haiguskindlus-vaga-hea","12":"pa_kasvukorgus-90-cm","13":"pa_laius-40-cm","14":"pa_lisainfo-hirve-kahjustustele-vastupidav","15":"pa_lisainfo-mesilaste-lemmik","16":"pa_lisainfo-sobib-loikelilleks","17":"pa_lohn-orn","18":"pa_lohn-magus","19":"pa_oie-varv-roosa","20":"pa_oitsemise-aeg-juuli-september","21":"pa_talvekindlus-hea","22":"pa_tingimused-hea-drenaaz","23":"pa_tsoon-3-9","24":"pa_valguse-tingimused-paike","25":"pa_variatsioon-suurem-pott","26":"pa_variatsioon-vaiksem-pott","28":"first","29":"instock","30":"purchasable","31":"product-type-variable"},"acf":[],"_links":{"self":[{"href":"https:\/\/dev.garden.ee\/en\/wp-json\/wp\/v2\/product\/1369","targetHints":{"allow":["GET"]}}],"collection":[{"href":"https:\/\/dev.garden.ee\/en\/wp-json\/wp\/v2\/product"}],"about":[{"href":"https:\/\/dev.garden.ee\/en\/wp-json\/wp\/v2\/types\/product"}],"wp:featuredmedia":[{"embeddable":true,"href":"https:\/\/dev.garden.ee\/en\/wp-json\/wp\/v2\/media\/1370"}],"wp:attachment":[{"href":"https:\/\/dev.garden.ee\/en\/wp-json\/wp\/v2\/media?parent=1369"}],"wp:term":[{"taxonomy":"product_brand","embeddable":true,"href":"https:\/\/dev.garden.ee\/en\/wp-json\/wp\/v2\/product_brand?post=1369"},{"taxonomy":"product_cat","embeddable":true,"href":"https:\/\/dev.garden.ee\/en\/wp-json\/wp\/v2\/product_cat?post=1369"},{"taxonomy":"product_tag","embeddable":true,"href":"https:\/\/dev.garden.ee\/en\/wp-json\/wp\/v2\/product_tag?post=1369"}],"curies":[{"name":"wp","href":"https:\/\/api.w.org\/{rel}","templated":true}]}}