{"id":13568,"date":"2023-01-18T19:00:54","date_gmt":"2023-01-18T17:00:54","guid":{"rendered":"https:\/\/dev.zezz.ee\/garden\/toode\/athyrium-filix-femina-lady-in-red-2\/"},"modified":"2026-02-18T09:49:43","modified_gmt":"2026-02-18T07:49:43","slug":"athyrium-filix-femina-lady-in-red-2","status":"publish","type":"product","link":"https:\/\/dev.garden.ee\/en\/product\/athyrium-filix-femina-lady-in-red-2\/","title":{"rendered":"Athyrium filix femina &#8216;Lady in Red&#8217;"},"content":{"rendered":"<input class=\"fooboxshare_post_id\" type=\"hidden\" value=\"13568\"\/>","protected":false},"excerpt":{"rendered":"<p>Atraktiivne, lillakaspunaste varte ja pitsilise helerohelise lehestikuga taim. P\u00fcstise, tugeva kasvuga ja tihe puhmas. Lihtne kasvatada, ei vaja erilist hooldust. Sobib h\u00e4sti varjulisse metsaaeda, tiigi kaldale, seltsilisteks n\u00e4iteks julgete lehtedega hostad, bergeeniad, h\u00f5belehised brunnerad. Vajab kasvamiseks varjulist kasvukohta ja niisket pinnast. Ei talu savimulda.<\/p>","protected":false},"featured_media":2699,"template":"","meta":[],"product_brand":[],"product_cat":[4406,4401,4399,4412,22],"product_tag":[],"class_list":{"0":"post-13568","1":"product","2":"type-product","3":"status-publish","4":"has-post-thumbnail","6":"product_cat-park","7":"product_cat-pusikud","8":"product_cat-sonajalad","9":"product_cat-varjuaed","10":"product_cat-taimed","11":"pa_haiguskindlus-vaga-hea","12":"pa_kasvukorgus-50-70-cm-2","13":"pa_laius-45-60-cm","14":"pa_lisainfo-dekoratiivne-lehestik","15":"pa_lisainfo-kaldataim","16":"pa_lisainfo-sobib-osalise-varjuga-kasvualale","17":"pa_talvekindlus-vaga-hea","18":"pa_tingimused-niiske","19":"pa_tingimused-v-a-savi","20":"pa_tingimused-viljakas","21":"pa_tsoon-2-8","22":"pa_valguse-tingimused-poolvari","23":"pa_valguse-tingimused-vari","24":"pa_variatsioon-suurem-pott","25":"pa_variatsioon-vaiksem-pott","27":"first","28":"instock","29":"purchasable","30":"product-type-variable"},"acf":[],"_links":{"self":[{"href":"https:\/\/dev.garden.ee\/en\/wp-json\/wp\/v2\/product\/13568","targetHints":{"allow":["GET"]}}],"collection":[{"href":"https:\/\/dev.garden.ee\/en\/wp-json\/wp\/v2\/product"}],"about":[{"href":"https:\/\/dev.garden.ee\/en\/wp-json\/wp\/v2\/types\/product"}],"wp:featuredmedia":[{"embeddable":true,"href":"https:\/\/dev.garden.ee\/en\/wp-json\/wp\/v2\/media\/2699"}],"wp:attachment":[{"href":"https:\/\/dev.garden.ee\/en\/wp-json\/wp\/v2\/media?parent=13568"}],"wp:term":[{"taxonomy":"product_brand","embeddable":true,"href":"https:\/\/dev.garden.ee\/en\/wp-json\/wp\/v2\/product_brand?post=13568"},{"taxonomy":"product_cat","embeddable":true,"href":"https:\/\/dev.garden.ee\/en\/wp-json\/wp\/v2\/product_cat?post=13568"},{"taxonomy":"product_tag","embeddable":true,"href":"https:\/\/dev.garden.ee\/en\/wp-json\/wp\/v2\/product_tag?post=13568"}],"curies":[{"name":"wp","href":"https:\/\/api.w.org\/{rel}","templated":true}]}}