{"id":13483,"date":"2023-01-18T18:59:47","date_gmt":"2023-01-18T16:59:47","guid":{"rendered":"https:\/\/dev.zezz.ee\/garden\/toode\/catalpa-bignonioides-nana-uus\/"},"modified":"2023-03-01T13:11:51","modified_gmt":"2023-03-01T11:11:51","slug":"catalpa-bignonioides-nana-uus","status":"publish","type":"product","link":"https:\/\/dev.garden.ee\/en\/product\/catalpa-bignonioides-nana-uus\/","title":{"rendered":"Catalpa bignonioides &#8216;Nana&#8217;"},"content":{"rendered":"<input class=\"fooboxshare_post_id\" type=\"hidden\" value=\"13483\"\/>","protected":false},"excerpt":{"rendered":"<p>Tihedalt harunenud kerakujuline p\u00f5\u00f5sas, mis t\u00fcvele poogituna moodustab v\u00e4ikse lameda tipuga kerakujulise v\u00f5raga puu. Aeglasekasvuga puu on suurep\u00e4rane p\u00e4ikesevari. S\u00fcdajad lehed eraldavad mudides spetsiifilist l\u00f5hna. S\u00fcgisel v\u00e4rvub muidu roheline lehestik kollaseks. Maapinna l\u00e4hedane juurestik moodustub lihavatest juurtest. V\u00e4ga levinud puu v\u00e4iksemasse aeda, ringteedele. Aretajaks<span class=\"Y2IQFc\" lang=\"et\">\u00a0Masson (Prantsusmaa) umbes 1850.a.\u00a0<\/span><\/p>\n<p>Hooldus: Esimesed paar aastat vajab regulaarset lisakastmist. Iga paari aasta tagant v\u00f5ib teha tugevamat v\u00f5ra l\u00f5ikust.<\/p>","protected":false},"featured_media":13484,"template":"","meta":[],"product_brand":[],"product_cat":[4403,4406,4396,22],"product_tag":[],"class_list":{"0":"post-13483","1":"product","2":"type-product","3":"status-publish","4":"has-post-thumbnail","6":"product_cat-kodu","7":"product_cat-park","8":"product_cat-puud-ja-poosad","9":"product_cat-taimed","10":"pa_moodud-k-4-m-l-5-m","11":"pa_oie-varv-valge","12":"pa_talvekindlus-vaga-hea","13":"pa_variatsioon-korge-puuvorm4-5m-tuvi-4-45-cm-h12-14","15":"first","16":"outofstock","17":"purchasable","18":"product-type-variable"},"acf":[],"_links":{"self":[{"href":"https:\/\/dev.garden.ee\/en\/wp-json\/wp\/v2\/product\/13483","targetHints":{"allow":["GET"]}}],"collection":[{"href":"https:\/\/dev.garden.ee\/en\/wp-json\/wp\/v2\/product"}],"about":[{"href":"https:\/\/dev.garden.ee\/en\/wp-json\/wp\/v2\/types\/product"}],"wp:featuredmedia":[{"embeddable":true,"href":"https:\/\/dev.garden.ee\/en\/wp-json\/wp\/v2\/media\/13484"}],"wp:attachment":[{"href":"https:\/\/dev.garden.ee\/en\/wp-json\/wp\/v2\/media?parent=13483"}],"wp:term":[{"taxonomy":"product_brand","embeddable":true,"href":"https:\/\/dev.garden.ee\/en\/wp-json\/wp\/v2\/product_brand?post=13483"},{"taxonomy":"product_cat","embeddable":true,"href":"https:\/\/dev.garden.ee\/en\/wp-json\/wp\/v2\/product_cat?post=13483"},{"taxonomy":"product_tag","embeddable":true,"href":"https:\/\/dev.garden.ee\/en\/wp-json\/wp\/v2\/product_tag?post=13483"}],"curies":[{"name":"wp","href":"https:\/\/api.w.org\/{rel}","templated":true}]}}