{"id":13465,"date":"2023-01-18T18:59:37","date_gmt":"2023-01-18T16:59:37","guid":{"rendered":"https:\/\/dev.zezz.ee\/garden\/toode\/hydrangea-paniculata-polar-bear\/"},"modified":"2023-03-29T16:45:20","modified_gmt":"2023-03-29T13:45:20","slug":"hydrangea-paniculata-polar-bear","status":"publish","type":"product","link":"https:\/\/dev.garden.ee\/en\/product\/hydrangea-paniculata-polar-bear\/","title":{"rendered":"Hydrangea paniculata &#8216;Polar Bear&#8217;"},"content":{"rendered":"<input class=\"fooboxshare_post_id\" type=\"hidden\" value=\"13465\"\/>","protected":false},"excerpt":{"rendered":"<p>Meeldivalt l\u00f5hnavad \u00f5isikud on alguses rohelised, hiljem muutuvad puhasvalgeks. S\u00fcgisel on \u00f5ikestel aga hoopis roosakas kuma. Suured \u00f5isikud on u 20-25 cm pikad ning on v\u00e4ga hea vastupidavusega vihmale. \u00d5itseb sama aasta v\u00f5rsel. P\u00fcstiste okstega laiuv p\u00f5\u00f5sas. V\u00f5rsed on punakad, lehestik tumeroheline.<\/p>","protected":false},"featured_media":13466,"template":"","meta":[],"product_brand":[],"product_cat":[4403,4395,4406,4396,22],"product_tag":[],"class_list":{"0":"post-13465","1":"product","2":"type-product","3":"status-publish","4":"has-post-thumbnail","6":"product_cat-kodu","7":"product_cat-hekid","8":"product_cat-park","9":"product_cat-puud-ja-poosad","10":"product_cat-taimed","11":"pa_moodud-k-15-m-l-15-m","12":"pa_oie-varv-valge","13":"pa_oitsemise-aeg-juuli-september","14":"pa_talvekindlus-vaga-hea","15":"pa_variatsioon-poosas-h-30-50-cm","16":"pa_variatsioon-poosas-h-80-100-cm","18":"first","19":"instock","20":"taxable","21":"shipping-taxable","22":"purchasable","23":"product-type-variable"},"acf":[],"_links":{"self":[{"href":"https:\/\/dev.garden.ee\/en\/wp-json\/wp\/v2\/product\/13465","targetHints":{"allow":["GET"]}}],"collection":[{"href":"https:\/\/dev.garden.ee\/en\/wp-json\/wp\/v2\/product"}],"about":[{"href":"https:\/\/dev.garden.ee\/en\/wp-json\/wp\/v2\/types\/product"}],"wp:featuredmedia":[{"embeddable":true,"href":"https:\/\/dev.garden.ee\/en\/wp-json\/wp\/v2\/media\/13466"}],"wp:attachment":[{"href":"https:\/\/dev.garden.ee\/en\/wp-json\/wp\/v2\/media?parent=13465"}],"wp:term":[{"taxonomy":"product_brand","embeddable":true,"href":"https:\/\/dev.garden.ee\/en\/wp-json\/wp\/v2\/product_brand?post=13465"},{"taxonomy":"product_cat","embeddable":true,"href":"https:\/\/dev.garden.ee\/en\/wp-json\/wp\/v2\/product_cat?post=13465"},{"taxonomy":"product_tag","embeddable":true,"href":"https:\/\/dev.garden.ee\/en\/wp-json\/wp\/v2\/product_tag?post=13465"}],"curies":[{"name":"wp","href":"https:\/\/api.w.org\/{rel}","templated":true}]}}