{"id":1346,"date":"2023-01-18T17:02:38","date_gmt":"2023-01-18T15:02:38","guid":{"rendered":"https:\/\/dev.zezz.ee\/garden\/toode\/echinacea-purpurea-alba\/"},"modified":"2026-02-23T13:52:25","modified_gmt":"2026-02-23T11:52:25","slug":"echinacea-purpurea-alba","status":"publish","type":"product","link":"https:\/\/dev.garden.ee\/en\/product\/echinacea-purpurea-alba\/","title":{"rendered":"Echinacea purpurea &#8216;Alba&#8217;"},"content":{"rendered":"<input class=\"fooboxshare_post_id\" type=\"hidden\" value=\"1346\"\/>","protected":false},"excerpt":{"rendered":"<p>Suured karikakart meenutavad valged \u00f5ied k\u00f5rgete koonusekujuliste kollaste s\u00fcdamikega. Tugevad, veidi karvased varred, keskmised rohelised lehed. Kompaktselt kasvav, p\u00fcsine taim. Pikalt \u00f5itsev p\u00fcsik meelitab aeda liblikaid ja on ka hea l\u00f5ikelill. Sobib suurep\u00e4raselt p\u00e4ikeselise p\u00fcsikupeenra keskossa julgete lainetena, kaaslasteks k\u00f5rrelised, ka Perovskia &#8216;Blue Spire&#8217;. Jaga kevadel v\u00f5i s\u00fcgisel. L\u00f5ika hiliss\u00fcgisel maha, kevadel v\u00e4eta kompostiga. H\u00e4\u00e4bunud \u00f5ite eemaldamisel saab \u00f5itseaega pikendada kuni s\u00fcgiseni.<\/p>","protected":false},"featured_media":1347,"template":"","meta":[],"product_brand":[],"product_cat":[4415,4413,6934,4401,22],"product_tag":[],"class_list":{"0":"post-1346","1":"product","2":"type-product","3":"status-publish","4":"has-post-thumbnail","6":"product_cat-lilleaed","7":"product_cat-loikelilleaed","8":"product_cat-mesilassobralik-aed","9":"product_cat-pusikud","10":"product_cat-taimed","11":"pa_haiguskindlus-vaga-hea","12":"pa_kasvukorgus-70-cm","13":"pa_laius-40-cm","14":"pa_lisainfo-hirve-kahjustustele-vastupidav","15":"pa_lisainfo-mesilaste-lemmik","16":"pa_lisainfo-sobib-loikelilleks","17":"pa_lisainfo-sobib-osalise-varjuga-kasvualale","18":"pa_oie-varv-valge","19":"pa_oitsemise-aeg-juuli-september","20":"pa_talvekindlus-vaga-hea","21":"pa_tingimused-huumusrikas","22":"pa_tingimused-kuiv","23":"pa_tingimused-parasniiske","24":"pa_tingimused-vahenoudlik-pinnase-suhtes","25":"pa_tsoon-4-9","26":"pa_valguse-tingimused-paike","27":"pa_valguse-tingimused-poolvari","28":"pa_variatsioon-suurem-pott","29":"pa_variatsioon-vaiksem-pott","31":"first","32":"instock","33":"purchasable","34":"product-type-variable"},"acf":[],"_links":{"self":[{"href":"https:\/\/dev.garden.ee\/en\/wp-json\/wp\/v2\/product\/1346","targetHints":{"allow":["GET"]}}],"collection":[{"href":"https:\/\/dev.garden.ee\/en\/wp-json\/wp\/v2\/product"}],"about":[{"href":"https:\/\/dev.garden.ee\/en\/wp-json\/wp\/v2\/types\/product"}],"wp:featuredmedia":[{"embeddable":true,"href":"https:\/\/dev.garden.ee\/en\/wp-json\/wp\/v2\/media\/1347"}],"wp:attachment":[{"href":"https:\/\/dev.garden.ee\/en\/wp-json\/wp\/v2\/media?parent=1346"}],"wp:term":[{"taxonomy":"product_brand","embeddable":true,"href":"https:\/\/dev.garden.ee\/en\/wp-json\/wp\/v2\/product_brand?post=1346"},{"taxonomy":"product_cat","embeddable":true,"href":"https:\/\/dev.garden.ee\/en\/wp-json\/wp\/v2\/product_cat?post=1346"},{"taxonomy":"product_tag","embeddable":true,"href":"https:\/\/dev.garden.ee\/en\/wp-json\/wp\/v2\/product_tag?post=1346"}],"curies":[{"name":"wp","href":"https:\/\/api.w.org\/{rel}","templated":true}]}}