{"id":13458,"date":"2023-01-18T18:59:32","date_gmt":"2023-01-18T16:59:32","guid":{"rendered":"https:\/\/dev.zezz.ee\/garden\/toode\/echinops-bannaticus-albus-uus\/"},"modified":"2026-02-23T14:09:08","modified_gmt":"2026-02-23T12:09:08","slug":"echinops-bannaticus-albus-uus","status":"publish","type":"product","link":"https:\/\/dev.garden.ee\/en\/product\/echinops-bannaticus-albus-uus\/","title":{"rendered":"Echinops bannaticus &#8216;Albus&#8217;"},"content":{"rendered":"<input class=\"fooboxshare_post_id\" type=\"hidden\" value=\"13458\"\/>","protected":false},"excerpt":{"rendered":"<p>Tillukesed t\u00e4hekujulised \u00f5ied moodustavadki tihedalt kokkupakitud \u00fcmara \u00f5isiku l\u00e4bim\u00f5\u00f5duga u. 6 cm. Suurep\u00e4rane lisand lilleseadetesse.\u00a0Ohakale sarnase vormiga taimel on samuti ogaline hallikasroheline lehestik. Kuna taimel areneb v\u00e4lja suur peajuur, siis tuleks ta kohe oma \u00f5igele kohale istutada, sest hilisemal \u00fcmberistutamisel v\u00f5ib taime vigastada.<\/p>\n<p>Hooldus: 3 kuni 4 aasta tagant varakevadeti v\u00f5ib taime jagada. Hiliss\u00fcgisel v\u00f5ib v\u00f5rsed t\u00e4iesti maha l\u00f5igata v\u00f5i j\u00e4tta hoopiski \u00fcle talve, sest tegelikult pakuvad \u00fcmarad \u00f5isikupallid ka talvises maastikus p\u00f5nevust. Seisvat vett taim ei armasta, seega m\u00e4rjema pinnasega aedades tuleks taim istuada t\u00f5stetud taimealadesse.<\/p>","protected":false},"featured_media":13459,"template":"","meta":[],"product_brand":[],"product_cat":[4415,4413,6934,4401,22],"product_tag":[],"class_list":{"0":"post-13458","1":"product","2":"type-product","3":"status-publish","4":"has-post-thumbnail","6":"product_cat-lilleaed","7":"product_cat-loikelilleaed","8":"product_cat-mesilassobralik-aed","9":"product_cat-pusikud","10":"product_cat-taimed","11":"pa_haiguskindlus-vaga-hea","12":"pa_kasvukorgus-100-cm","13":"pa_laius-50-cm","14":"pa_lehestikuvarv-hallikasroheline","15":"pa_lisainfo-mesilaste-lemmik","16":"pa_lisainfo-sobib-loikelilleks","17":"pa_oie-varv-valge","18":"pa_oitsemise-aeg-juuli-september","19":"pa_talvekindlus-vaga-hea","20":"pa_tingimused-hea-drenaaz","21":"pa_tingimused-parasniiske","22":"pa_tsoon-3-9","23":"pa_valguse-tingimused-paike","24":"pa_variatsioon-suurem-pott","25":"pa_variatsioon-vaiksem-pott","27":"first","28":"instock","29":"purchasable","30":"product-type-variable"},"acf":[],"_links":{"self":[{"href":"https:\/\/dev.garden.ee\/en\/wp-json\/wp\/v2\/product\/13458","targetHints":{"allow":["GET"]}}],"collection":[{"href":"https:\/\/dev.garden.ee\/en\/wp-json\/wp\/v2\/product"}],"about":[{"href":"https:\/\/dev.garden.ee\/en\/wp-json\/wp\/v2\/types\/product"}],"wp:featuredmedia":[{"embeddable":true,"href":"https:\/\/dev.garden.ee\/en\/wp-json\/wp\/v2\/media\/13459"}],"wp:attachment":[{"href":"https:\/\/dev.garden.ee\/en\/wp-json\/wp\/v2\/media?parent=13458"}],"wp:term":[{"taxonomy":"product_brand","embeddable":true,"href":"https:\/\/dev.garden.ee\/en\/wp-json\/wp\/v2\/product_brand?post=13458"},{"taxonomy":"product_cat","embeddable":true,"href":"https:\/\/dev.garden.ee\/en\/wp-json\/wp\/v2\/product_cat?post=13458"},{"taxonomy":"product_tag","embeddable":true,"href":"https:\/\/dev.garden.ee\/en\/wp-json\/wp\/v2\/product_tag?post=13458"}],"curies":[{"name":"wp","href":"https:\/\/api.w.org\/{rel}","templated":true}]}}