{"id":13412,"date":"2023-01-18T18:59:08","date_gmt":"2023-01-18T16:59:08","guid":{"rendered":"https:\/\/dev.zezz.ee\/garden\/toode\/amelanchier-lamarckii\/"},"modified":"2023-03-20T14:00:05","modified_gmt":"2023-03-20T12:00:05","slug":"amelanchier-lamarckii","status":"publish","type":"product","link":"https:\/\/dev.garden.ee\/en\/product\/amelanchier-lamarckii\/","title":{"rendered":"Amelanchier lamarckii"},"content":{"rendered":"<input class=\"fooboxshare_post_id\" type=\"hidden\" value=\"13412\"\/>","protected":false},"excerpt":{"rendered":"<p>Toompihlakas (Lamarcki\/ Vask-)<\/p>\n<p>Populaarne p\u00fcstise kasvuga suurem p\u00f5\u00f5sas, v\u00e4iksem puu. Kevadel, samal ajal kui pronksjaspunased lehed vaikselt lahti rulluvad kattuvad oksad rohkete v\u00e4ikeste valgete kergelt aromaatsete \u00f5itega. Vaimustav vaatepilt kutsub kohale ka mitmeid tolmeldajaid. Suvel valmivad v\u00e4ikesed, \u00fcmarad punased kuni purpursed marjad. Tegemist on v\u00e4ga magusate, samas v\u00e4ga vitamiinirikaste marjadega. T\u00e4nu oma ilusale s\u00fcgisv\u00e4rvile pakub p\u00f5\u00f5sas p\u00f5nevust ka s\u00fcgisperioodil. Sobib h\u00e4sti segahekki, tarbeaeda, \u00fcksiku p\u00f5\u00f5sana ilutsema.<\/p>","protected":false},"featured_media":13413,"template":"","meta":[],"product_brand":[],"product_cat":[4403,6934,4406,4396,4410,4394,22],"product_tag":[],"class_list":{"0":"post-13412","1":"product","2":"type-product","3":"status-publish","4":"has-post-thumbnail","6":"product_cat-kodu","7":"product_cat-mesilassobralik-aed","8":"product_cat-park","9":"product_cat-puud-ja-poosad","10":"product_cat-tarbeaed","11":"product_cat-viljad-ja-marjad","12":"product_cat-taimed","13":"pa_moodud-k-3-4-m-l-2-3-m","14":"pa_oie-varv-valge","15":"pa_oitsemise-aeg-aprill","16":"pa_talvekindlus-vaga-hea","17":"pa_variatsioon-mitmetuveline-h-175-200-cm","18":"pa_variatsioon-poolmadal-puuvorm-tuvi-4-45-cm-ha12-14","19":"pa_variatsioon-poosas-h-100-125-cm","20":"pa_variatsioon-poosas-h-150-200-cm","21":"pa_variatsioon-poosas-h-175-200-cm","22":"pa_variatsioon-poosas-h-200-250-cm","23":"pa_variatsioon-poosas-h-80-100-cm","24":"pa_vili-magus","25":"pa_vili-mahlane","26":"pa_vilja-varvus-purpurne","28":"first","29":"instock","30":"purchasable","31":"product-type-variable"},"acf":[],"_links":{"self":[{"href":"https:\/\/dev.garden.ee\/en\/wp-json\/wp\/v2\/product\/13412","targetHints":{"allow":["GET"]}}],"collection":[{"href":"https:\/\/dev.garden.ee\/en\/wp-json\/wp\/v2\/product"}],"about":[{"href":"https:\/\/dev.garden.ee\/en\/wp-json\/wp\/v2\/types\/product"}],"wp:featuredmedia":[{"embeddable":true,"href":"https:\/\/dev.garden.ee\/en\/wp-json\/wp\/v2\/media\/13413"}],"wp:attachment":[{"href":"https:\/\/dev.garden.ee\/en\/wp-json\/wp\/v2\/media?parent=13412"}],"wp:term":[{"taxonomy":"product_brand","embeddable":true,"href":"https:\/\/dev.garden.ee\/en\/wp-json\/wp\/v2\/product_brand?post=13412"},{"taxonomy":"product_cat","embeddable":true,"href":"https:\/\/dev.garden.ee\/en\/wp-json\/wp\/v2\/product_cat?post=13412"},{"taxonomy":"product_tag","embeddable":true,"href":"https:\/\/dev.garden.ee\/en\/wp-json\/wp\/v2\/product_tag?post=13412"}],"curies":[{"name":"wp","href":"https:\/\/api.w.org\/{rel}","templated":true}]}}