{"id":13408,"date":"2023-01-18T18:59:06","date_gmt":"2023-01-18T16:59:06","guid":{"rendered":"https:\/\/dev.zezz.ee\/garden\/toode\/berberis-thunbergii-aurea\/"},"modified":"2023-03-03T14:34:05","modified_gmt":"2023-03-03T12:34:05","slug":"berberis-thunbergii-aurea","status":"publish","type":"product","link":"https:\/\/dev.garden.ee\/en\/product\/berberis-thunbergii-aurea\/","title":{"rendered":"Berberis thunbergii &#8216;Aurea&#8217;"},"content":{"rendered":"<input class=\"fooboxshare_post_id\" type=\"hidden\" value=\"13408\"\/>","protected":false},"excerpt":{"rendered":"<p>V\u00e4ikesed lehed on kevadel helekollased, suve perioodil muutuvad kuldsemateks, noored v\u00f5rsed roosakad. Pisikestest kollastest l\u00f5hnavatest \u00f5itest valmivad piklikud korallpunased viljad.<\/p>","protected":false},"featured_media":13409,"template":"","meta":[],"product_brand":[],"product_cat":[4396,22],"product_tag":[],"class_list":{"0":"post-13408","1":"product","2":"type-product","3":"status-publish","4":"has-post-thumbnail","6":"product_cat-puud-ja-poosad","7":"product_cat-taimed","8":"pa_moodud-k-80-100-cm-l-80-100-cm","9":"pa_oie-varv-kollane","10":"pa_oitsemise-aeg-mai-juuni","11":"pa_tsoon-4-8","12":"pa_variatsioon-poosas-h-30-40-cm","13":"pa_variatsioon-poosas-h-50-60-cm","15":"first","16":"instock","17":"purchasable","18":"product-type-variable"},"acf":[],"_links":{"self":[{"href":"https:\/\/dev.garden.ee\/en\/wp-json\/wp\/v2\/product\/13408","targetHints":{"allow":["GET"]}}],"collection":[{"href":"https:\/\/dev.garden.ee\/en\/wp-json\/wp\/v2\/product"}],"about":[{"href":"https:\/\/dev.garden.ee\/en\/wp-json\/wp\/v2\/types\/product"}],"wp:featuredmedia":[{"embeddable":true,"href":"https:\/\/dev.garden.ee\/en\/wp-json\/wp\/v2\/media\/13409"}],"wp:attachment":[{"href":"https:\/\/dev.garden.ee\/en\/wp-json\/wp\/v2\/media?parent=13408"}],"wp:term":[{"taxonomy":"product_brand","embeddable":true,"href":"https:\/\/dev.garden.ee\/en\/wp-json\/wp\/v2\/product_brand?post=13408"},{"taxonomy":"product_cat","embeddable":true,"href":"https:\/\/dev.garden.ee\/en\/wp-json\/wp\/v2\/product_cat?post=13408"},{"taxonomy":"product_tag","embeddable":true,"href":"https:\/\/dev.garden.ee\/en\/wp-json\/wp\/v2\/product_tag?post=13408"}],"curies":[{"name":"wp","href":"https:\/\/api.w.org\/{rel}","templated":true}]}}