{"id":13177,"date":"2023-01-18T18:56:54","date_gmt":"2023-01-18T16:56:54","guid":{"rendered":"https:\/\/dev.zezz.ee\/garden\/toode\/athyrium-niponicum-var-pictum-silver-falls\/"},"modified":"2026-02-18T10:56:54","modified_gmt":"2026-02-18T08:56:54","slug":"athyrium-niponicum-var-pictum-silver-falls","status":"publish","type":"product","link":"https:\/\/dev.garden.ee\/en\/product\/athyrium-niponicum-var-pictum-silver-falls\/","title":{"rendered":"Athyrium niponicum var. pictum &#8216;Silver Falls&#8217;"},"content":{"rendered":"<input class=\"fooboxshare_post_id\" type=\"hidden\" value=\"13177\"\/>","protected":false},"excerpt":{"rendered":"<p>Kargetes toonides hallikasrohelise, praktiliselt h\u00f5bedase lehestiku ning tumepunaste rootsudega taim sobib suurep\u00e4raselt kasvama varjulisemates peenrasoppides. Oma kauni, tiheda ja ebatavalise olemusega annab p\u00f5nevust sinna, kus seda tavaliselt ei osata oodatagi. Eriline leid s\u00f5najalaliste seas, kuna on \u00fcks t\u00e4nuv\u00e4\u00e4rsemaid &#8211; n\u00e4eb suurep\u00e4rane v\u00e4lja ning vajab vaid minimaalset hoolitsust.<\/p>\n<p>Kaunis massina istutada, kuid k\u00f5rvale sobivad bergeeniad, hostad, helmikp\u00f6\u00f6rised, v\u00e4ike igihali.<\/p>\n<p>Jagada kevadel iga 3 kuni 4 aasta tagant. L\u00f5igata pealt maha varakevadel.<\/p>","protected":false},"featured_media":13178,"template":"","meta":[],"product_brand":[],"product_cat":[4406,4401,4399,4412,22],"product_tag":[9209],"class_list":{"0":"post-13177","1":"product","2":"type-product","3":"status-publish","4":"has-post-thumbnail","6":"product_cat-park","7":"product_cat-pusikud","8":"product_cat-sonajalad","9":"product_cat-varjuaed","10":"product_cat-taimed","11":"product_tag-rhs-award-of-garden-merit","12":"pa_haiguskindlus-vaga-hea","13":"pa_kasvukorgus-30-50-cm","14":"pa_laius-40-60-cm","15":"pa_lehestikuvarv-hallikasroheline","16":"pa_lehestikuvarv-hobedane","17":"pa_lisainfo-dekoratiivne-lehestik","18":"pa_lisainfo-sobib-osalise-varjuga-kasvualale","19":"pa_talvekindlus-hea","20":"pa_tingimused-hea-drenaaz","21":"pa_tingimused-niiske","22":"pa_tingimused-viljakas","23":"pa_tsoon-4-9","24":"pa_valguse-tingimused-poolvari","25":"pa_valguse-tingimused-vari","26":"pa_variatsioon-suurem-pott","27":"pa_variatsioon-vaiksem-pott","29":"first","30":"onbackorder","31":"purchasable","32":"product-type-variable"},"acf":[],"_links":{"self":[{"href":"https:\/\/dev.garden.ee\/en\/wp-json\/wp\/v2\/product\/13177","targetHints":{"allow":["GET"]}}],"collection":[{"href":"https:\/\/dev.garden.ee\/en\/wp-json\/wp\/v2\/product"}],"about":[{"href":"https:\/\/dev.garden.ee\/en\/wp-json\/wp\/v2\/types\/product"}],"wp:featuredmedia":[{"embeddable":true,"href":"https:\/\/dev.garden.ee\/en\/wp-json\/wp\/v2\/media\/13178"}],"wp:attachment":[{"href":"https:\/\/dev.garden.ee\/en\/wp-json\/wp\/v2\/media?parent=13177"}],"wp:term":[{"taxonomy":"product_brand","embeddable":true,"href":"https:\/\/dev.garden.ee\/en\/wp-json\/wp\/v2\/product_brand?post=13177"},{"taxonomy":"product_cat","embeddable":true,"href":"https:\/\/dev.garden.ee\/en\/wp-json\/wp\/v2\/product_cat?post=13177"},{"taxonomy":"product_tag","embeddable":true,"href":"https:\/\/dev.garden.ee\/en\/wp-json\/wp\/v2\/product_tag?post=13177"}],"curies":[{"name":"wp","href":"https:\/\/api.w.org\/{rel}","templated":true}]}}