{"id":13131,"date":"2023-01-18T18:56:24","date_gmt":"2023-01-18T16:56:24","guid":{"rendered":"https:\/\/dev.zezz.ee\/garden\/toode\/achillea-millefolium-apfelblute\/"},"modified":"2026-02-13T12:15:13","modified_gmt":"2026-02-13T10:15:13","slug":"achillea-millefolium-apfelblute","status":"publish","type":"product","link":"https:\/\/dev.garden.ee\/en\/product\/achillea-millefolium-apfelblute\/","title":{"rendered":"Achillea millefolium &#8216;Apfelbl\u00fcte&#8217;"},"content":{"rendered":"<input class=\"fooboxshare_post_id\" type=\"hidden\" value=\"13131\"\/>","protected":false},"excerpt":{"rendered":"<p>\u00d5isikute v\u00e4rv varieerub kahvaturoosast kuni tumeroosani, meenutades oma tonaalsuselt \u00f5unapuu kevadiste \u00f5ite ilu. Roheline h\u00e4sti l\u00f5hine lehestik. Lisaks p\u00e4ikesek\u00fcllaste taimealade sobib suurep\u00e4raselt ka istustuskasti.<\/p>","protected":false},"featured_media":13132,"template":"","meta":[],"product_brand":[],"product_cat":[4407,4415,4414,4413,4401,22],"product_tag":[],"class_list":{"0":"post-13131","1":"product","2":"type-product","3":"status-publish","4":"has-post-thumbnail","6":"product_cat-aasad","7":"product_cat-lilleaed","8":"product_cat-lohnaaed","9":"product_cat-loikelilleaed","10":"product_cat-pusikud","11":"product_cat-taimed","12":"pa_haiguskindlus-hea","13":"pa_lisainfo-janese-kahjustustele-vastupidav","14":"pa_lohn-lohnav","15":"pa_moodud-k-60-cm","16":"pa_moodud-l-40-cm","17":"pa_oie-varv-roosa","18":"pa_oitsemise-aeg-juuni-august","19":"pa_talvekindlus-vaga-hea","20":"pa_tingimused-kuivema-poolsem","21":"pa_tingimused-vaheviljakas","22":"pa_tsoon-3-9","23":"pa_valguse-tingimused-paike","24":"pa_variatsioon-suurem-pott","25":"pa_variatsioon-vaiksem-pott","27":"first","28":"instock","29":"purchasable","30":"product-type-variable"},"acf":[],"_links":{"self":[{"href":"https:\/\/dev.garden.ee\/en\/wp-json\/wp\/v2\/product\/13131","targetHints":{"allow":["GET"]}}],"collection":[{"href":"https:\/\/dev.garden.ee\/en\/wp-json\/wp\/v2\/product"}],"about":[{"href":"https:\/\/dev.garden.ee\/en\/wp-json\/wp\/v2\/types\/product"}],"wp:featuredmedia":[{"embeddable":true,"href":"https:\/\/dev.garden.ee\/en\/wp-json\/wp\/v2\/media\/13132"}],"wp:attachment":[{"href":"https:\/\/dev.garden.ee\/en\/wp-json\/wp\/v2\/media?parent=13131"}],"wp:term":[{"taxonomy":"product_brand","embeddable":true,"href":"https:\/\/dev.garden.ee\/en\/wp-json\/wp\/v2\/product_brand?post=13131"},{"taxonomy":"product_cat","embeddable":true,"href":"https:\/\/dev.garden.ee\/en\/wp-json\/wp\/v2\/product_cat?post=13131"},{"taxonomy":"product_tag","embeddable":true,"href":"https:\/\/dev.garden.ee\/en\/wp-json\/wp\/v2\/product_tag?post=13131"}],"curies":[{"name":"wp","href":"https:\/\/api.w.org\/{rel}","templated":true}]}}