{"id":13089,"date":"2023-01-18T18:56:00","date_gmt":"2023-01-18T16:56:00","guid":{"rendered":"https:\/\/dev.zezz.ee\/garden\/toode\/iris-sibirica-butter-sugar-uus\/"},"modified":"2026-02-28T14:52:29","modified_gmt":"2026-02-28T12:52:29","slug":"iris-sibirica-butter-sugar","status":"publish","type":"product","link":"https:\/\/dev.garden.ee\/en\/product\/iris-sibirica-butter-sugar\/","title":{"rendered":"Iris sibirica &#8216;Butter &#038; Sugar&#8217;"},"content":{"rendered":"<input class=\"fooboxshare_post_id\" type=\"hidden\" value=\"13089\"\/>","protected":false},"excerpt":{"rendered":"<p>Unikaalne siberi iiris on kreemjasvalgete \u00fclemiste ning kreemjaskollaste alumiste kroonlehtedega, millel roheline veenistus. Peale \u00f5itsemise l\u00f5ppu p\u00fcsib rohelist v\u00e4rvi p\u00fcstise kasvuga kitsas lehestik veel pikalt atraktiivsena.<\/p>\n<p>1976a. t\u00f5i sordi avalikkuse ette Dr. Currier McEwen Harpswellist Maine, Ameerika.<\/p>","protected":false},"featured_media":13090,"template":"","meta":[],"product_brand":[],"product_cat":[4398,4415,4401,4409,4392,22],"product_tag":[],"class_list":{"0":"post-13089","1":"product","2":"type-product","3":"status-publish","4":"has-post-thumbnail","6":"product_cat-iirised","7":"product_cat-lilleaed","8":"product_cat-pusikud","9":"product_cat-tiigiaed","10":"product_cat-tiigitaimed","11":"product_cat-taimed","12":"pa_korgus-kuni-120-cm","13":"pa_laius-60-80-cm","14":"pa_oie-varv-kollakas","15":"pa_oie-varv-kreemjas","16":"pa_oie-varv-mitmevarviline","17":"pa_oitsemise-aeg-juuni","18":"pa_variatsioon-suurem-pott","19":"pa_variatsioon-vaiksem-pott","21":"first","22":"instock","23":"purchasable","24":"product-type-variable"},"acf":[],"_links":{"self":[{"href":"https:\/\/dev.garden.ee\/en\/wp-json\/wp\/v2\/product\/13089","targetHints":{"allow":["GET"]}}],"collection":[{"href":"https:\/\/dev.garden.ee\/en\/wp-json\/wp\/v2\/product"}],"about":[{"href":"https:\/\/dev.garden.ee\/en\/wp-json\/wp\/v2\/types\/product"}],"wp:featuredmedia":[{"embeddable":true,"href":"https:\/\/dev.garden.ee\/en\/wp-json\/wp\/v2\/media\/13090"}],"wp:attachment":[{"href":"https:\/\/dev.garden.ee\/en\/wp-json\/wp\/v2\/media?parent=13089"}],"wp:term":[{"taxonomy":"product_brand","embeddable":true,"href":"https:\/\/dev.garden.ee\/en\/wp-json\/wp\/v2\/product_brand?post=13089"},{"taxonomy":"product_cat","embeddable":true,"href":"https:\/\/dev.garden.ee\/en\/wp-json\/wp\/v2\/product_cat?post=13089"},{"taxonomy":"product_tag","embeddable":true,"href":"https:\/\/dev.garden.ee\/en\/wp-json\/wp\/v2\/product_tag?post=13089"}],"curies":[{"name":"wp","href":"https:\/\/api.w.org\/{rel}","templated":true}]}}