{"id":13073,"date":"2023-01-18T18:55:51","date_gmt":"2023-01-18T16:55:51","guid":{"rendered":"https:\/\/dev.zezz.ee\/garden\/toode\/osmunda-japonica\/"},"modified":"2026-03-04T18:13:44","modified_gmt":"2026-03-04T16:13:44","slug":"osmunda-japonica","status":"publish","type":"product","link":"https:\/\/dev.garden.ee\/en\/product\/osmunda-japonica\/","title":{"rendered":"Osmunda japonica"},"content":{"rendered":"<input class=\"fooboxshare_post_id\" type=\"hidden\" value=\"13073\"\/>","protected":false},"excerpt":{"rendered":"<p>Kuigi jaapani osmunda lehepungad on Aasias tarvitusel toiduna, on tegemist ennek\u00f5ike ilutaimega. Osmundad on s\u00f5najalgade vanimad esindajad: suisa 200 miljonit aastat. Elevust pakub taim ka seet\u00f5ttu, et tema lehtede \u00fclaossa v\u00f5ivad tekkida omap\u00e4rased v\u00e4rvilisi eoseid kasvatavad moodustised, mis meenutavad \u00f5isi.<\/p>","protected":false},"featured_media":13074,"template":"","meta":[],"product_brand":[],"product_cat":[4406,4401,4399,4412,22],"product_tag":[],"class_list":{"0":"post-13073","1":"product","2":"type-product","3":"status-publish","4":"has-post-thumbnail","6":"product_cat-park","7":"product_cat-pusikud","8":"product_cat-sonajalad","9":"product_cat-varjuaed","10":"product_cat-taimed","11":"pa_haiguskindlus-hea","12":"pa_moodud-k-60-100-cm-l-40-60-cm","13":"pa_talvekindlus-veidi-kulmaorn","14":"pa_tsoon-5-9","15":"pa_variatsioon-suurem-pott","16":"pa_variatsioon-vaiksem-pott","18":"first","19":"instock","20":"purchasable","21":"product-type-variable"},"acf":[],"_links":{"self":[{"href":"https:\/\/dev.garden.ee\/en\/wp-json\/wp\/v2\/product\/13073","targetHints":{"allow":["GET"]}}],"collection":[{"href":"https:\/\/dev.garden.ee\/en\/wp-json\/wp\/v2\/product"}],"about":[{"href":"https:\/\/dev.garden.ee\/en\/wp-json\/wp\/v2\/types\/product"}],"wp:featuredmedia":[{"embeddable":true,"href":"https:\/\/dev.garden.ee\/en\/wp-json\/wp\/v2\/media\/13074"}],"wp:attachment":[{"href":"https:\/\/dev.garden.ee\/en\/wp-json\/wp\/v2\/media?parent=13073"}],"wp:term":[{"taxonomy":"product_brand","embeddable":true,"href":"https:\/\/dev.garden.ee\/en\/wp-json\/wp\/v2\/product_brand?post=13073"},{"taxonomy":"product_cat","embeddable":true,"href":"https:\/\/dev.garden.ee\/en\/wp-json\/wp\/v2\/product_cat?post=13073"},{"taxonomy":"product_tag","embeddable":true,"href":"https:\/\/dev.garden.ee\/en\/wp-json\/wp\/v2\/product_tag?post=13073"}],"curies":[{"name":"wp","href":"https:\/\/api.w.org\/{rel}","templated":true}]}}